{"id":13324,"date":"2023-10-15T08:50:13","date_gmt":"2023-10-15T08:50:13","guid":{"rendered":"https:\/\/hdcmfg.com\/?page_id=13324"},"modified":"2026-03-19T03:23:20","modified_gmt":"2026-03-19T03:23:20","slug":"12l14-kohlenstoffstahl","status":"publish","type":"page","link":"https:\/\/hdcmfg.com\/de\/12l14-carbon-steel\/","title":{"rendered":"12L14 Kohlenstoffstahl: Chemische Zusammensetzung, Eigenschaften, Verarbeitungsmethoden und Anwendungsfelder"},"content":{"rendered":"<h2>Warum Sie sich f\u00fcr HDC entscheiden sollten, um kundenspezifische Produkte aus Kohlenstoffstahl 12L14 herzustellen<\/h2>\n<p>HDC verf\u00fcgt \u00fcber mehr als ein Jahrzehnt Erfahrung im Bereich kundenspezifischer Metallkomponenten. Wir verf\u00fcgen \u00fcber pr\u00e4zise 4-Achsen- und 5-Achsen-Werkzeugmaschinen, automatisierte CNC-Bearbeitungszentren und ein professionelles Design- und Produktionsteam. Wir k\u00f6nnen Ihnen verschiedene Bearbeitungsprozesse anbieten, darunter CNC-Fr\u00e4sen, CNC-Drehen, Laserschneiden, Metallguss und mehr, um Ihre Komponenten aus 12L14-Kohlenstoffstahl perfekt und auf Ihre spezifischen Anforderungen zuzuschneiden.<\/p>\n<p>Im Bereich des 12L14-Kohlenstoffstahls stellen unsere F\u00e4higkeiten die Herstellung anspruchsvoller und hochwertiger Komponenten sicher. 12L14 ist f\u00fcr seine au\u00dfergew\u00f6hnliche Verarbeitbarkeit bekannt und gilt als optimale Wahl f\u00fcr komplizierte Designs. Das erfahrene Team von HDC optimiert die Bearbeitungsparameter gekonnt und garantiert so eine einwandfreie Ma\u00dfgenauigkeit und ein makelloses Oberfl\u00e4chenfinish. Ganz gleich, ob es sich bei Ihrem Projekt um kompliziertes Gewindeschneiden, pr\u00e4zises Konturieren oder sorgf\u00e4ltiges Fr\u00e4sen handelt, wir versprechen Effizienz und einen Standard an Exzellenz.<\/p>\n<p>HDC geht \u00fcber den Bereich der Bearbeitung hinaus und zeichnet sich dadurch aus, dass es die besonderen Eigenschaften von 12L14-Kohlenstoffstahl versteht. Dieses Fachwissen steuert unseren kooperativen Designprozess, vermittelt unsch\u00e4tzbare Erkenntnisse und garantiert, dass unsere Komponenten die Branchenma\u00dfst\u00e4be nicht nur erf\u00fcllen, sondern \u00fcbertreffen. Bei HDC k\u00f6nnen Sie sich auf sorgf\u00e4ltig gefertigte 12L14-Kohlenstoffstahlkomponenten mit Pr\u00e4zision, Haltbarkeit und viel Liebe zum Detail freuen, die den Anforderungen Ihres Projekts gerecht werden und diese sogar \u00fcbertreffen.<\/p>\n<h2>\u00dcberblick<\/h2>\n<p><b>12L14 <\/b>ist eine Automatenstahllegierung, die f\u00fcr ihre hervorragende Bearbeitbarkeit bekannt ist. 12L14-Kohlenstoffstahl ist eine beliebte Wahl f\u00fcr Anwendungen, die au\u00dfergew\u00f6hnliche Bearbeitbarkeit und Pr\u00e4zision erfordern. Seine Zusammensetzung mit zugesetztem Schwefel und Phosphor erm\u00f6glicht eine effiziente Bearbeitung und macht ihn zu einem wertvollen Material f\u00fcr die Herstellung kleiner, komplizierter Komponenten in verschiedenen Branchen.<\/p>\n<p><img decoding=\"async\" src=\"https:\/\/hdcmfg.com\/wp-content\/uploads\/2024\/02\/12L14-Carbon-Steel-1.webp\" alt=\"12l14 Kohlenstoffstahl 1\" \/><\/p>\n<h2>Was ist Kohlenstoffstahl?<\/h2>\n<p><strong>Kohlenstoffstahl<\/strong> Kohlenstoffstahl ist ein Stahl, dessen Hauptbestandteile Eisen und Kohlenstoff sind, w\u00e4hrend andere Elemente in geringeren Mengen vorkommen. Der mittlere Kohlenstoffgehalt von Kohlenstoffstahl liegt zwischen 0,051 % TP3T und 2,01 % TP3T. Er wird je nach G\u00fcteklasse und Anwendungsbereich hergestellt. Kohlenstoffstahl ist bekannt f\u00fcr seine Festigkeit, H\u00e4rte und Langlebigkeit und findet daher breite Anwendung in verschiedenen Branchen wie dem Bauwesen, der Fertigung, der Automobilindustrie und dem Infrastrukturbau. Basierend auf seinem Kohlenstoffgehalt und seinen Eigenschaften wird der Stahl in vier Typen unterteilt: niedriggekohlter Stahl (Baustahl), mittelgekohlter Stahl und hochgekohlter Stahl. Dar\u00fcber hinaus kann Kohlenstoffstahl mit Elementen wie Mangan, Silizium und Schwefel legiert werden, um Eigenschaften wie Festigkeit, Duktilit\u00e4t und Bearbeitbarkeit zu verbessern. Da er zu den festesten und kosteng\u00fcnstigsten Stahlsorten z\u00e4hlt, wird er h\u00e4ufig zur Herstellung von Teilen, Komponenten, Maschinenteilen, Rohren, Karosserien und anderen Anwendungen eingesetzt.<\/p>\n<h2>Was sind die Eigenschaften von 12L14-Kohlenstoffstahl?<\/h2>\n<p><img decoding=\"async\" src=\"https:\/\/hdcmfg.com\/wp-content\/uploads\/2024\/02\/12L14-Carbon-Steel-2.webp\" alt=\"12l14 Kohlenstoffstahl 2\" \/><\/p>\n<p>12L14, ein Stahl mit hohem Schwefel- und Bleigehalt, ist f\u00fcr seine hervorragende Zerspanbarkeit bekannt. Die Zugabe von Mangansulfiden zur Standard-Eisenlegierung sorgt f\u00fcr Spanbrechereigenschaften beim Zerspanen und reduziert den Werkzeugverschlei\u00df drastisch, was zu einer exzellenten Oberfl\u00e4cheng\u00fcte der bearbeiteten Teile f\u00fchrt. Dieser Stahl ist zwar nicht so fest wie einige andere Kohlenstoffst\u00e4hle, bietet aber dennoch eine ausgezeichnete Festigkeit und Duktilit\u00e4t f\u00fcr verschiedene Anwendungen im Bereich Edelstahl. Er ist unter Einhaltung g\u00e4ngiger Verfahren schwei\u00dfbar, jedoch sind aufgrund des Schwefel- und Bleigehalts einige Vorsichtsma\u00dfnahmen erforderlich. Dieser Stahl ist kosteng\u00fcnstig und wird h\u00e4ufig f\u00fcr Automobilkomponenten, Buchsen, Armaturen und Befestigungselemente eingesetzt. Daher ist die Nachfrage aufgrund der pr\u00e4zisen Zerspanbarkeit und der hohen Produktionskapazit\u00e4ten hoch.<\/p>\n<h2>Was ist die Namensbasis f\u00fcr 12L14-Kohlenstoffstahl?<\/h2>\n<p>Die Bezeichnung 12L14 f\u00fcr Kohlenstoffstahl leitet sich von seiner Zusammensetzung und der Einhaltung der Normen des AISI (American Iron and Steel Institute) ab. Die \u201c12\u201d in 12L14 steht f\u00fcr den durchschnittlichen Kohlenstoffgehalt von ca. 0,121 % TPD. Das \u201cL\u201d weist auf das Vorhandensein von Blei in der Legierung hin. Die \u201e14\u201c gibt den Schwefelgehalt von ca. 0,141 % TPD an. Diese alphanumerische Bezeichnung erm\u00f6glicht eine standardisierte Identifizierung und Kategorisierung von Kohlenstoffst\u00e4hlen anhand ihrer Zusammensetzung und Eigenschaften. Dies verbessert die Kommunikation und das gegenseitige Verst\u00e4ndnis innerhalb der Branche.<\/p>\n<p><img decoding=\"async\" src=\"https:\/\/hdcmfg.com\/wp-content\/uploads\/2024\/02\/12L14-Carbon-Steel-3.webp\" alt=\"12l14 Kohlenstoffstahl 3\" \/><\/p>\n<h2>Chemische Zusammensetzung von 12L14 Kohlenstoffstahl<\/h2>\n<table>\n<tbody>\n<tr>\n<td width=\"54.2800%\"><strong><b>Element<\/b><\/strong><\/td>\n<td width=\"44.6200%\"><strong><b>Inhalt (%)<\/b><\/strong><\/td>\n<\/tr>\n<tr>\n<td width=\"54.2800%\">Eisen, Fe<\/td>\n<td width=\"44.6200%\">97,91 \u2013 98,7<\/td>\n<\/tr>\n<tr>\n<td width=\"54.2800%\">Mangan, Mn<\/td>\n<td width=\"44.6200%\">0,85 \u2013 1,15<\/td>\n<\/tr>\n<tr>\n<td width=\"54.2800%\">Schwefel, S<\/td>\n<td width=\"44.6200%\">0,260 \u2013 0,35<\/td>\n<\/tr>\n<tr>\n<td width=\"54.2800%\">Blei, Pb<\/td>\n<td width=\"44.6200%\">0,15 \u2013 0,35<\/td>\n<\/tr>\n<tr>\n<td width=\"54.2800%\">Kohlenstoff, C<\/td>\n<td width=\"44.6200%\">0.15<\/td>\n<\/tr>\n<tr>\n<td width=\"54.2800%\">Phosphor, P<\/td>\n<td width=\"44.6200%\">0,040 \u2013 0,090<\/td>\n<\/tr>\n<\/tbody>\n<\/table>\n<h2>Der Einfluss der Zusammensetzung von 12L14-Kohlenstoffstahl auf seine Eigenschaften<\/h2>\n<p><img decoding=\"async\" src=\"https:\/\/hdcmfg.com\/wp-content\/uploads\/2024\/02\/12L14-Carbon-Steel-4.webp\" alt=\"12l14 Kohlenstoffstahl 4\" \/><\/p>\n<p>Der Kohlenstoffstahl 12L14 ist aufgrund seiner vielf\u00e4ltigen Einsatzm\u00f6glichkeiten ein weit verbreiteter Basiswerkstoff. Er enth\u00e4lt ca. 0,12 % Kohlenstoff, der ihm Festigkeit und H\u00e4rte verleiht und gleichzeitig seine Formbarkeit erh\u00e4lt. Mangan tr\u00e4gt zur H\u00e4rtbarkeit und Festigkeit des Stahls bei, w\u00e4hrend Schwefel (ca. 0,15 % Schwefel) die Bearbeitbarkeit durch die Bildung von Mangansulfiden verbessert. Dies senkt die Produktionskosten und verl\u00e4ngert die Standzeit der Werkzeuge. Blei wird ebenfalls hinzugef\u00fcgt, um die Bearbeitbarkeit durch seine Schmierwirkung weiter zu verbessern und die Reibung zwischen Schneidwerkzeug und Werkst\u00fcck zu reduzieren. Die Zusammensetzung von 12L14 wird pr\u00e4zise gesteuert, um hervorragende Bearbeitbarkeitseigenschaften zu erzielen. Dadurch eignet er sich ideal f\u00fcr bearbeitungsorientierte Anwendungen in der Industrie, wo Pr\u00e4zision h\u00f6chste Priorit\u00e4t hat und hohe Produktionsvolumina erforderlich sind, beispielsweise f\u00fcr Automobilkomponenten und Befestigungselemente.<\/p>\n<h2>Physikalische Eigenschaften von 12L14 Kohlenstoffstahl<\/h2>\n<table>\n<tbody>\n<tr>\n<td width=\"31.3400%\"><strong><b>Eigenschaften<\/b><\/strong><\/td>\n<td width=\"32.9600%\"><strong><b>Metrisch<\/b><\/strong><\/td>\n<td width=\"34.2400%\"><strong><b>Kaiserliche<\/b><\/strong><\/td>\n<\/tr>\n<tr>\n<td width=\"31.3400%\">Dichte<\/td>\n<td width=\"32.9600%\">7,87 g\/cm3<\/td>\n<td width=\"34.2400%\">0,284 lb\/in\u00b3<\/td>\n<\/tr>\n<\/tbody>\n<\/table>\n<h2>Mechanische Eigenschaften von 12L14 Kohlenstoffstahl<\/h2>\n<p><img decoding=\"async\" src=\"https:\/\/hdcmfg.com\/wp-content\/uploads\/2024\/02\/12L14-Carbon-Steel-5.webp\" alt=\"12l14 Kohlenstoffstahl 5\" \/><\/p>\n<table>\n<tbody>\n<tr>\n<td width=\"522\"><strong><b>Eigenschaften<\/b><\/strong><\/td>\n<td width=\"156\"><strong><b>Metrisch<\/b><\/strong><\/td>\n<td width=\"149\"><strong><b>Kaiserliche<\/b><\/strong><\/td>\n<\/tr>\n<tr>\n<td width=\"522\">12L14 Stahl Zugfestigkeit<\/td>\n<td width=\"156\">540 MPa<\/td>\n<td width=\"149\">78300 psi<\/td>\n<\/tr>\n<tr>\n<td width=\"522\">Ertragsst\u00e4rke<\/td>\n<td width=\"156\">415 MPa<\/td>\n<td width=\"149\">60200psi<\/td>\n<\/tr>\n<tr>\n<td width=\"522\">Volumenmodul (typisch f\u00fcr Stahl)<\/td>\n<td width=\"156\">140 GPa<\/td>\n<td width=\"149\">20300 ksi<\/td>\n<\/tr>\n<tr>\n<td width=\"522\">Schubmodul (typisch f\u00fcr Stahl)<\/td>\n<td width=\"156\">80,0\u00a0GPa<\/td>\n<td width=\"149\">11600\u00a0ksi<\/td>\n<\/tr>\n<tr>\n<td width=\"522\">Elastizit\u00e4tsmodul<\/td>\n<td width=\"156\">190\u2013210 GPa<\/td>\n<td width=\"149\">27557-30458 ksi<\/td>\n<\/tr>\n<tr>\n<td width=\"522\">Poisson-Zahl<\/td>\n<td width=\"156\">0.27-0.30<\/td>\n<td width=\"149\">0.27-0.30<\/td>\n<\/tr>\n<tr>\n<td width=\"522\">Bruchdehnung<\/td>\n<td width=\"156\">10%<\/td>\n<td width=\"149\">10%<\/td>\n<\/tr>\n<tr>\n<td width=\"522\">Verringerung der Fl\u00e4che<\/td>\n<td width=\"156\">35%<\/td>\n<td width=\"149\">35%<\/td>\n<\/tr>\n<tr>\n<td width=\"522\">H\u00e4rte, Brinell<\/td>\n<td width=\"156\">163<\/td>\n<td width=\"149\">163<\/td>\n<\/tr>\n<tr>\n<td width=\"522\">H\u00e4rte, Knoop (umgerechnet von der Brinell-H\u00e4rte)<\/td>\n<td width=\"156\">184<\/td>\n<td width=\"149\">184<\/td>\n<\/tr>\n<tr>\n<td width=\"522\">H\u00e4rte, Rockwell B (umgerechnet von der Brinell-H\u00e4rte)<\/td>\n<td width=\"156\">84<\/td>\n<td width=\"149\">84<\/td>\n<\/tr>\n<tr>\n<td width=\"522\">H\u00e4rte, Vickers (umgerechnet von der Brinell-H\u00e4rte)<\/td>\n<td width=\"156\">170<\/td>\n<td width=\"149\">170<\/td>\n<\/tr>\n<tr>\n<td width=\"522\">Bearbeitbarkeit (basierend auf 100 Bearbeitbarkeit f\u00fcr AISI 1212-Stahl)<\/td>\n<td width=\"156\">160<\/td>\n<td width=\"149\">160<\/td>\n<\/tr>\n<\/tbody>\n<\/table>\n<h2>Thermische Eigenschaften von 12L14 Kohlenstoffstahl<\/h2>\n<table>\n<tbody>\n<tr>\n<td><strong><b>Eigenschaften<\/b><\/strong><\/td>\n<td><strong><b>Metrisch<\/b><\/strong><\/td>\n<td><strong><b>Kaiserliche<\/b><\/strong><\/td>\n<\/tr>\n<tr>\n<td>W\u00e4rmeausdehnungskoeffizient (bei 20 \u00b0C\/68 \u00b0F, typischer Stahl)<\/td>\n<td>11,5 \u00b5m\/m\u00b0C<\/td>\n<td>6,39 \u00b5in\/in\u00b0F<\/td>\n<\/tr>\n<tr>\n<td>W\u00e4rmeleitf\u00e4higkeit (typischer Stahl)<\/td>\n<td>51,9 W\/mK<\/td>\n<td>360 BTU in\/h.ft\u00b2.\u00b0F<\/td>\n<\/tr>\n<\/tbody>\n<\/table>\n<h2>\u00c4quivalente Materialien von 12L14 Kohlenstoffstahl<\/h2>\n<p><img decoding=\"async\" src=\"https:\/\/hdcmfg.com\/wp-content\/uploads\/2024\/02\/12L14-Carbon-Steel-6.webp\" alt=\"12l14 Kohlenstoffstahl 6\" \/><\/p>\n<table>\n<tbody>\n<tr>\n<td width=\"18.8000%\"><strong><b>UNS-Nummer<\/b><\/strong><\/td>\n<td width=\"80.1000%\">G12144<\/td>\n<\/tr>\n<tr>\n<td width=\"18.8000%\"><strong><b>US-Name<\/b><\/strong><\/td>\n<td width=\"80.1000%\">AISI 12L14, 12L13, 12L15 nach ASTM A29, ASTM A510, ASTM A519, ASTM A576, SAE J403<\/td>\n<\/tr>\n<tr>\n<td width=\"18.8000%\"><strong><b>EN-Name<\/b><\/strong><\/td>\n<td width=\"80.1000%\">11SMnPb37, 11SMnPb30, 9SMnPb28 gem\u00e4\u00df BS EN 10087, BS EN 10277; S300Pb bis NF A35 561<\/td>\n<\/tr>\n<tr>\n<td width=\"18.8000%\"><strong><b>EN-Nummer<\/b><\/strong><\/td>\n<td width=\"80.1000%\">1.0737, 1.0718, 1.9718<\/td>\n<\/tr>\n<tr>\n<td width=\"18.8000%\"><strong><b>JIS-Name (japanisch).<\/b><\/strong><\/td>\n<td width=\"80.1000%\">SUM24L nach JIS G4804<\/td>\n<\/tr>\n<\/tbody>\n<\/table>\n<h2>Welche Verarbeitungsmethoden eignen sich f\u00fcr 12L14-Kohlenstoffstahl?<\/h2>\n<p>12L14-St\u00e4hle sind aufgrund ihrer guten Zerspanbarkeit und moderaten Festigkeit \u00e4u\u00dferst vielseitig in der Fertigung. Insbesondere eignen sie sich dank ihres hohen Blei- und Schwefelgehalts, der die Sp\u00e4ne reduziert und den Werkzeugverschlei\u00df verringert, hervorragend f\u00fcr anspruchsvolle Bearbeitungsvorg\u00e4nge wie Drehen, Fr\u00e4sen, Bohren und Gewindeschneiden. Dar\u00fcber hinaus lassen sie sich ohne Vorw\u00e4rmen und Gl\u00fchen kalt umformen, beispielsweise durch Biegen und Stanzen. Aufgrund des relativ hohen Schwefel- und Bleigehalts ist jedoch Vorsicht geboten. W\u00e4rmebehandlungsverfahren zur gezielten \u00c4nderung der Eigenschaften sind eher die Ausnahme, da 12L14 dadurch selten geh\u00e4rtet wird. Insgesamt ist 12L14-Kohlenstoffstahl das Material der Wahl, wenn hohe Pr\u00e4zision bei der Bearbeitung und gleichzeitig hohe Festigkeit gefordert sind.<\/p>\n<h2>Was sind die Einschr\u00e4nkungen von 12L14-Kohlenstoffstahl?<\/h2>\n<p><img decoding=\"async\" src=\"https:\/\/hdcmfg.com\/wp-content\/uploads\/2024\/02\/12L14-Carbon-Steel-7.webp\" alt=\"12l14 Kohlenstoffstahl 7\" \/><\/p>\n<p>Die hohe Pr\u00e4zision der Bearbeitbarkeit in Verbindung mit der moderaten Festigkeit des Kohlenstoffstahls 12L14 bringt gewisse Einschr\u00e4nkungen mit sich. Kohlenstoffstahl, der sich durch vergleichsweise geringe Festigkeit und Z\u00e4higkeit auszeichnet, ist f\u00fcr Anwendungen, die hohe Festigkeit oder Verschlei\u00dffestigkeit erfordern, weniger geeignet. Dar\u00fcber hinaus kann der f\u00fcr die Bearbeitbarkeit n\u00fctzliche Schwefel das Metall verspr\u00f6den und zu Problemen wie Rissbildung f\u00fchren. Die Schwei\u00dfbarkeit ist aufgrund des \u00fcberdurchschnittlich hohen Schwefel- und Bleigehalts eingeschr\u00e4nkt, da spezielle Schwei\u00dftechniken erforderlich sind, um Risse und\/oder eine mangelhafte Schwei\u00dfnahtqualit\u00e4t zu vermeiden. Zudem ist die W\u00e4rmebehandelbarkeit von 12L14-Stahl stark begrenzt, und in bestimmten Umgebungen sind zus\u00e4tzliche Korrosionsschutzma\u00dfnahmen notwendig. Daher m\u00fcssen die Hauptvorteile dieser Technologie f\u00fcr die Bearbeitung von Bauteilen gegen die Einschr\u00e4nkungen bei der Materialauswahl abgewogen werden.<\/p>\n<h2>H\u00e4ufige Anwendung von 12L14-Kohlenstoffstahl<\/h2>\n<table>\n<tbody>\n<tr>\n<td><strong>Branchen<\/strong><\/td>\n<td colspan=\"7\"><strong>Komponenten<\/strong><\/td>\n<\/tr>\n<tr>\n<td><strong>Automobil<\/strong><\/td>\n<td><a href=\"https:\/\/hdcmfg.com\/de\/radadapter\/\">Distanzscheibe<\/a><\/td>\n<td><a href=\"https:\/\/hdcmfg.com\/de\/cnc-block-wache\/\">Blockwache<\/a><\/td>\n<td><a href=\"https:\/\/hdcmfg.com\/de\/cnc-ventildeckel\/\">Ventildeckel<\/a><\/td>\n<td><a href=\"https:\/\/hdcmfg.com\/de\/ansaugflansch\/\">Ansaugflansch<\/a><\/td>\n<td><a href=\"https:\/\/hdcmfg.com\/de\/benutzerdefinierte-radmutter\/\">Radmutter<\/a><\/td>\n<td><a href=\"https:\/\/hdcmfg.com\/de\/cnc-schaltknauf\/\">Schaltknauf<\/a><\/td>\n<td><\/td>\n<\/tr>\n<tr>\n<td><strong>M\u00f6bel und Dekoration<\/strong><\/td>\n<td><a href=\"https:\/\/hdcmfg.com\/de\/klavierscharniere\/\">Klavierscharnier<\/a><\/td>\n<td><a href=\"https:\/\/hdcmfg.com\/de\/anschweisscharniere\/\">Anschwei\u00dfscharnier<\/a><\/td>\n<td><a href=\"https:\/\/hdcmfg.com\/de\/tonnenscharniere-aus-stahl\/\">Fassscharnier<\/a><\/td>\n<td><a href=\"https:\/\/hdcmfg.com\/de\/cnc-schrauben-2\/\">Schrauben<\/a><\/td>\n<td><\/td>\n<td><\/td>\n<td><\/td>\n<\/tr>\n<tr>\n<td><strong>Motorrad<\/strong><\/td>\n<td><a href=\"https:\/\/hdcmfg.com\/de\/cnc-kettenrad\/\">Kettenrad<\/a><\/td>\n<td><a href=\"https:\/\/hdcmfg.com\/de\/motorrad-rader-hersteller\/\">R\u00e4der<\/a><\/td>\n<td><a href=\"https:\/\/hdcmfg.com\/de\/motorrad-radnaben\/\">Radnabe<\/a><\/td>\n<td><a href=\"https:\/\/hdcmfg.com\/de\/custom-motorradkuhler-2\/\">K\u00fchlerschutz<\/a><\/td>\n<td><a href=\"https:\/\/hdcmfg.com\/de\/cnc-bearbeitungsservice-5\/\">Fu\u00dfraste<\/a><\/td>\n<td><a href=\"https:\/\/hdcmfg.com\/de\/cnc-triple-clamp\/\">Dreifachklemme<\/a><\/td>\n<td><a href=\"https:\/\/hdcmfg.com\/de\/cnc-bar-end\/\">Stangenende<\/a><\/td>\n<\/tr>\n<tr>\n<td><strong>Anh\u00e4nger<\/strong><\/td>\n<td><a href=\"https:\/\/hdcmfg.com\/de\/anhangerkupplung\/\">Koppler<\/a><\/td>\n<td><a href=\"https:\/\/hdcmfg.com\/de\/trailer-jack\/\">Trailer-Jack<\/a><\/td>\n<td><a href=\"https:\/\/hdcmfg.com\/de\/horerrohre\/\">Empf\u00e4ngerrohr<\/a><\/td>\n<td><a href=\"https:\/\/hdcmfg.com\/de\/anhanger-paddle-lock\/\">Anh\u00e4nger-Paddelschloss<\/a><\/td>\n<td><a href=\"https:\/\/hdcmfg.com\/de\/pintle-hook\/\">Zapfenhaken<\/a><\/td>\n<td><a href=\"https:\/\/hdcmfg.com\/de\/anhangerkupplung-kugelhalterung\/\">Kugelhalterung<\/a><\/td>\n<td><\/td>\n<\/tr>\n<tr>\n<td><strong>Fahrrad<\/strong><\/td>\n<td><a href=\"https:\/\/hdcmfg.com\/de\/custom-bike-vorbau\/\">Fahrradvorbau<\/a><\/td>\n<td><a href=\"https:\/\/hdcmfg.com\/de\/cnc-kurbelgarnitur\/\">Kurbelgarnitur<\/a><\/td>\n<td><a href=\"https:\/\/hdcmfg.com\/de\/custom-dirt-bike-rader\/\">R\u00e4der<\/a><\/td>\n<td><a href=\"https:\/\/hdcmfg.com\/de\/benutzerdefinierte-fahrradnaben\/\">Radnabe<\/a><\/td>\n<td><\/td>\n<td><\/td>\n<td><\/td>\n<\/tr>\n<tr>\n<td><strong>Go-Kart<\/strong><\/td>\n<td><a href=\"https:\/\/hdcmfg.com\/de\/go-kart-sprocket\/\">Go-Kart-Kettenrad<\/a><\/td>\n<td><a href=\"https:\/\/hdcmfg.com\/de\/go-kart-unterlegscheiben-und-abstandshalter\/\">Go-Kart-Abstandshalter<\/a><\/td>\n<td><a href=\"https:\/\/hdcmfg.com\/de\/radnabe\/\">Go-Kart-Radnabe<\/a><\/td>\n<td><a href=\"https:\/\/hdcmfg.com\/de\/go-kart-lenkrader\/\">Go-Kart-Lenkrad<\/a><\/td>\n<td><\/td>\n<td><\/td>\n<td><\/td>\n<\/tr>\n<\/tbody>\n<\/table>\n<form action=\"https:\/\/hdcmfg.wufoo.com\/forms\/qadjrg50uhtzoe\/#public\" enctype=\"multipart\/form-data\" method=\"post\" name=\"form3\"><input id=\"encryptedPassword\" name=\"encryptedPassword\" type=\"hidden\" value=\"\" \/><\/form>","protected":false},"excerpt":{"rendered":"<p>Why Choos HDC to Custom 12L14 Carbon Steel Products HDC has over a decade of experience in the custom metal components field. We possess precision 4-axis and 5-axis machine tools, automated CNC machining centers, and a professional design and production team. We can provide you with various machining processes, including CNC milling, CNC turning, laser [&hellip;]<\/p>\n","protected":false},"author":1,"featured_media":9789,"parent":0,"menu_order":0,"comment_status":"closed","ping_status":"closed","template":"","meta":{"_acf_changed":false,"_seopress_robots_primary_cat":"","_seopress_titles_title":"","_seopress_titles_desc":"HDC is a professional custom metal parts supplier. We offer a variety of material options, including titanium alloys, stainless steel, copper, aluminum alloys, plastics, etc., to best meet your material requirements.","_seopress_robots_index":"","site-sidebar-layout":"no-sidebar","site-content-layout":"page-builder","ast-site-content-layout":"full-width-container","site-content-style":"default","site-sidebar-style":"default","ast-global-header-display":"","ast-banner-title-visibility":"","ast-main-header-display":"","ast-hfb-above-header-display":"","ast-hfb-below-header-display":"","ast-hfb-mobile-header-display":"","site-post-title":"disabled","ast-breadcrumbs-content":"","ast-featured-img":"disabled","footer-sml-layout":"","ast-disable-related-posts":"","theme-transparent-header-meta":"default","adv-header-id-meta":"","stick-header-meta":"default","header-above-stick-meta":"","header-main-stick-meta":"","header-below-stick-meta":"","astra-migrate-meta-layouts":"set","ast-page-background-enabled":"default","ast-page-background-meta":{"desktop":{"background-color":"","background-image":"","background-repeat":"repeat","background-position":"center center","background-size":"auto","background-attachment":"scroll","background-type":"","background-media":"","overlay-type":"","overlay-color":"","overlay-opacity":"","overlay-gradient":""},"tablet":{"background-color":"","background-image":"","background-repeat":"repeat","background-position":"center center","background-size":"auto","background-attachment":"scroll","background-type":"","background-media":"","overlay-type":"","overlay-color":"","overlay-opacity":"","overlay-gradient":""},"mobile":{"background-color":"","background-image":"","background-repeat":"repeat","background-position":"center center","background-size":"auto","background-attachment":"scroll","background-type":"","background-media":"","overlay-type":"","overlay-color":"","overlay-opacity":"","overlay-gradient":""}},"ast-content-background-meta":{"desktop":{"background-color":"var(--ast-global-color-5)","background-image":"","background-repeat":"repeat","background-position":"center center","background-size":"auto","background-attachment":"scroll","background-type":"","background-media":"","overlay-type":"","overlay-color":"","overlay-opacity":"","overlay-gradient":""},"tablet":{"background-color":"var(--ast-global-color-5)","background-image":"","background-repeat":"repeat","background-position":"center center","background-size":"auto","background-attachment":"scroll","background-type":"","background-media":"","overlay-type":"","overlay-color":"","overlay-opacity":"","overlay-gradient":""},"mobile":{"background-color":"var(--ast-global-color-5)","background-image":"","background-repeat":"repeat","background-position":"center center","background-size":"auto","background-attachment":"scroll","background-type":"","background-media":"","overlay-type":"","overlay-color":"","overlay-opacity":"","overlay-gradient":""}},"footnotes":""},"tags":[343],"class_list":["post-13324","page","type-page","status-publish","has-post-thumbnail","hentry","tag-acf-temp"],"acf":[],"_links":{"self":[{"href":"https:\/\/hdcmfg.com\/de\/wp-json\/wp\/v2\/pages\/13324","targetHints":{"allow":["GET"]}}],"collection":[{"href":"https:\/\/hdcmfg.com\/de\/wp-json\/wp\/v2\/pages"}],"about":[{"href":"https:\/\/hdcmfg.com\/de\/wp-json\/wp\/v2\/types\/page"}],"author":[{"embeddable":true,"href":"https:\/\/hdcmfg.com\/de\/wp-json\/wp\/v2\/users\/1"}],"replies":[{"embeddable":true,"href":"https:\/\/hdcmfg.com\/de\/wp-json\/wp\/v2\/comments?post=13324"}],"version-history":[{"count":5,"href":"https:\/\/hdcmfg.com\/de\/wp-json\/wp\/v2\/pages\/13324\/revisions"}],"predecessor-version":[{"id":108738,"href":"https:\/\/hdcmfg.com\/de\/wp-json\/wp\/v2\/pages\/13324\/revisions\/108738"}],"wp:featuredmedia":[{"embeddable":true,"href":"https:\/\/hdcmfg.com\/de\/wp-json\/wp\/v2\/media\/9789"}],"wp:attachment":[{"href":"https:\/\/hdcmfg.com\/de\/wp-json\/wp\/v2\/media?parent=13324"}],"wp:term":[{"taxonomy":"post_tag","embeddable":true,"href":"https:\/\/hdcmfg.com\/de\/wp-json\/wp\/v2\/tags?post=13324"}],"curies":[{"name":"wp","href":"https:\/\/api.w.org\/{rel}","templated":true}]}}