{"id":13337,"date":"2023-10-15T08:58:18","date_gmt":"2023-10-15T08:58:18","guid":{"rendered":"https:\/\/hdcmfg.com\/?page_id=13337"},"modified":"2026-03-04T05:34:17","modified_gmt":"2026-03-04T05:34:17","slug":"edelstahl-201","status":"publish","type":"page","link":"https:\/\/hdcmfg.com\/de\/stainless-steel-201\/","title":{"rendered":"Edelstahl 201: Zusammensetzung, Eigenschaften, Namenskonvention und Anwendungen"},"content":{"rendered":"<p>HDC Manufacturing verf\u00fcgt \u00fcber mehr als zehn Jahre Erfahrung in der Fertigung kundenspezifischer Metallkomponenten. Wir setzen pr\u00e4zise 4- und 5-Achs-Werkzeugmaschinen, automatisierte CNC-Bearbeitungszentren sowie ein professionelles Konstruktions- und Produktionsteam ein. Wir bieten Ihnen verschiedene Bearbeitungsverfahren, darunter CNC-Fr\u00e4sen, CNC-Drehen, Laserschneiden, Metallguss und mehr, um Ihre Komponenten aus Edelstahl 201 pr\u00e4zise und exakt nach Ihren Vorgaben zu fertigen.<\/p>\n<h2>\u00dcberblick<\/h2>\n<p>Edelstahl 201 ist eine wirtschaftliche Alternative mit angemessener Korrosionsbest\u00e4ndigkeit. Seine Zusammensetzung umfasst Eisen, Chrom und Nickel, weist jedoch im Vergleich zu anderen Edelstahlsorten wie 304 einen geringeren Chrom- und Nickelgehalt auf, was zu einer geringeren Korrosionsbest\u00e4ndigkeit f\u00fchrt. Dieser Stahl ist magnetisch, kosteng\u00fcnstig und vielseitig. Es eignet sich gut f\u00fcr Innenanwendungen wie K\u00fcchenger\u00e4te, Haushaltsger\u00e4te und Autoabgassysteme, bei denen die Kosten eine entscheidende Rolle spielen. Obwohl es m\u00f6glicherweise nicht f\u00fcr stark korrosive Umgebungen geeignet ist, ist es aufgrund seiner Formbarkeit und Schwei\u00dfbarkeit f\u00fcr verschiedene kostenbewusste Anwendungen wertvoll.<img decoding=\"async\" src=\"https:\/\/hdcmfg.com\/wp-content\/uploads\/2024\/02\/201-Stainless-Steel-1.webp\" alt=\"201 Edelstahl 1\" width=\"1000\" height=\"500\" \/><\/p>\n<h2>Was ist Edelstahl 201?<\/h2>\n<p>Edelstahl 201 ist eine austenitische Edelstahllegierung mit einer nominellen Zusammensetzung von 18\u2013201 % Chrom (Cr). Sie zeichnet sich durch akzeptable Korrosionsbest\u00e4ndigkeit, gute Umformbarkeit und Wirtschaftlichkeit aus. Diese Legierung besteht aus Chrom, Nickel, Mangan und Stickstoff und bietet eine gute Korrosionsbest\u00e4ndigkeit f\u00fcr viele Anwendungen, die jedoch nicht so hoch ist wie bei Premium-Sorten wie 304 und 316. Dank ihrer guten Umformbarkeit eignet sie sich gut zum Schwei\u00dfen und Verbinden in verschiedenen Branchen, darunter Bauwesen, Automobilindustrie, K\u00fcchen- und Haushaltsger\u00e4teherstellung. Duplex-Edelst\u00e4hle sind jedoch nicht f\u00fcr extrem korrosive Umgebungen geeignet, die den Einsatz von Spezial-Edelst\u00e4hlen h\u00f6herer G\u00fcte erfordern.<\/p>\n<h2>Warum tr\u00e4gt diese Edelstahlsorte die Bezeichnung 201?<img decoding=\"async\" src=\"https:\/\/hdcmfg.com\/wp-content\/uploads\/2024\/02\/201-Stainless-Steel-2.webp\" alt=\"201 Edelstahl 2\" width=\"1000\" height=\"500\" \/><\/h2>\n<p>Edelstahl 201 wird aufgrund seiner Klassifizierung innerhalb des G\u00fctesystems des American Iron and Steel Institute (AISI) als solcher bezeichnet. Die rostfreien St\u00e4hle der \u201e200er-Serie\u201c sind eine Untergruppe der austenitischen rostfreien St\u00e4hle, und innerhalb dieser Serie ist Edelstahl 201 speziell durch die Nummer \u201e201\u201c gekennzeichnet. Diese numerische Bezeichnung dient zur Unterscheidung von anderen Edelstahllegierungen und weist auf die spezifische chemische Zusammensetzung und Eigenschaften hin.<\/p>\n<h2>Worauf basiert die Klassifizierung von Edelstahl?<\/h2>\n<p>Edelstahl wird auf der Grundlage seiner chemischen Zusammensetzung, Mikrostruktur und physikalischen Eigenschaften klassifiziert. Zu den Schl\u00fcsselelementen geh\u00f6ren Chrom, Nickel, Kohlenstoff und verschiedene Legierungselemente wie Mangan und Molybd\u00e4n. Der f\u00fcr die Korrosionsbest\u00e4ndigkeit entscheidende Chromgehalt muss f\u00fcr die Bezeichnung Edelstahl mindestens 10,51 TP3T betragen. Nickel erh\u00f6ht die Korrosionsbest\u00e4ndigkeit und erh\u00f6ht die Festigkeit, w\u00e4hrend Kohlenstoff die Festigkeit und H\u00e4rte beeinflusst. Verschiedene Serien wie die \u201e200er-Serie\u201c, \u201e300er-Serie\u201c und \u201e400er-Serie\u201c kategorisieren Edelstahlsorten anhand ihrer Eigenschaften. Internationale Normungsorganisationen wie ASTM und ISO bieten standardisierte Klassifizierungssysteme und Spezifikationen f\u00fcr Edelstahlsorten und erleichtern so deren Verwendung in verschiedenen Branchen und Anwendungen.<img decoding=\"async\" src=\"https:\/\/hdcmfg.com\/wp-content\/uploads\/2024\/02\/201-Stainless-Steel-3.webp\" alt=\"201 Edelstahl 3\" width=\"1000\" height=\"500\" \/><\/p>\n<h2>Welche Edelstahlsorten gibt es?<\/h2>\n<p>Edelstahlsorten werden in verschiedene Serien unterteilt, darunter austenitische (300er-Sorte), ferritische (400er-Sorte), martensitische, Duplex- und ausscheidungsh\u00e4rtende Edelst\u00e4hle. Austenitische Edelst\u00e4hle wie 304 und 316 bieten ausgezeichnete Korrosionsbest\u00e4ndigkeit und Umformbarkeit, w\u00e4hrend ferritische Sorten wie 430 magnetisch sind und eine hohe Korrosionsbest\u00e4ndigkeit aufweisen. Martensitische St\u00e4hle wie 410 zeichnen sich durch hohe Festigkeit, aber geringere Korrosionsbest\u00e4ndigkeit aus. Duplex-Edelst\u00e4hle wie 2205 bieten Festigkeit und ausgezeichnete Korrosionsbest\u00e4ndigkeit, da sie eine Mischung verschiedener Mikrostrukturen darstellen. Ausscheidungsh\u00e4rtende St\u00e4hle vom Typ 17-4 PH k\u00f6nnen w\u00e4rmebehandelt werden, um eine hohe Zugfestigkeit zu erzielen. Diese verschiedenen Sorten besitzen zahlreiche Eigenschaften, die sie f\u00fcr den Einsatz in verschiedenen Branchen pr\u00e4destinieren. Sie sind strukturell, korrosionsbest\u00e4ndig, verschlei\u00dffest und gut bearbeitbar.<\/p>\n<h2>Chemische Zusammensetzung von Edelstahl 201<img decoding=\"async\" src=\"https:\/\/hdcmfg.com\/wp-content\/uploads\/2024\/02\/201-Stainless-Steel-4.webp\" alt=\"201 Edelstahl 4\" width=\"1000\" height=\"500\" \/><\/h2>\n<table>\n<tbody>\n<tr>\n<td width=\"56.6200%\">\n<p style=\"text-align: center;\"><strong><b>Element<\/b><\/strong><\/p>\n<\/td>\n<td width=\"42.2800%\">\n<p style=\"text-align: center;\"><strong><b>Inhalt (%)<\/b><\/strong><\/p>\n<\/td>\n<\/tr>\n<tr>\n<td width=\"56.6200%\">\n<p style=\"text-align: center;\">Eisen, Fe<\/p>\n<\/td>\n<td style=\"text-align: center;\" width=\"42.2800%\">72<\/td>\n<\/tr>\n<tr>\n<td style=\"text-align: center;\" width=\"56.6200%\">Chrom, Cr<\/td>\n<td width=\"42.2800%\">\n<p style=\"text-align: center;\">16,0 \u2013 18,0<\/p>\n<\/td>\n<\/tr>\n<tr>\n<td width=\"56.6200%\">\n<p style=\"text-align: center;\">Mangan, Mn<\/p>\n<\/td>\n<td style=\"text-align: center;\" width=\"42.2800%\">5,50 \u2013 7,50<\/td>\n<\/tr>\n<tr>\n<td style=\"text-align: center;\" width=\"56.6200%\">Nickel, Ni<\/td>\n<td width=\"42.2800%\">\n<p style=\"text-align: center;\">3,50 \u2013 5,50<\/p>\n<\/td>\n<\/tr>\n<tr>\n<td width=\"56.6200%\">\n<p style=\"text-align: center;\">Silizium, Si<\/p>\n<\/td>\n<td style=\"text-align: center;\" width=\"42.2800%\">1.0<\/td>\n<\/tr>\n<tr>\n<td style=\"text-align: center;\" width=\"56.6200%\">Stickstoff, n<\/td>\n<td width=\"42.2800%\">\n<p style=\"text-align: center;\">0.25<\/p>\n<\/td>\n<\/tr>\n<tr>\n<td width=\"56.6200%\">\n<p style=\"text-align: center;\">Kohlenstoff, C<\/p>\n<\/td>\n<td width=\"42.2800%\">\n<p style=\"text-align: center;\">0.15<\/p>\n<\/td>\n<\/tr>\n<\/tbody>\n<\/table>\n<h2>Der Einfluss verschiedener Elemente auf die Eigenschaften von Edelstahl 201<img decoding=\"async\" src=\"https:\/\/hdcmfg.com\/wp-content\/uploads\/2024\/02\/201-Stainless-Steel-5.webp\" alt=\"201 Edelstahl 5\" width=\"1000\" height=\"500\" \/><\/h2>\n<p>Die Eigenschaften von Edelstahl 201 h\u00e4ngen von den Legierungselementen ab. Chrom sorgt f\u00fcr Korrosionsbest\u00e4ndigkeit, Nickel f\u00fcr Duktilit\u00e4t und Z\u00e4higkeit und Mangan f\u00fcr Festigkeit. Stickstoff ist als Legierungselement entscheidend f\u00fcr die Festigkeitssteigerung. Kohlenstoff beeinflusst H\u00e4rte und Festigkeit, w\u00e4hrend Silizium die Zunderbildung und Oxidationsbest\u00e4ndigkeit bei steigenden Temperaturen erh\u00f6ht. Weitere Elemente wie Schwefel, Phosphor und Kupfer k\u00f6nnen f\u00fcr andere Zwecke eingesetzt werden. Edelstahl 201 bietet eine moderate Korrosionsbest\u00e4ndigkeit, gute Umformbarkeit und mechanische Eigenschaften, die ihn ideal f\u00fcr verschiedene Anwendungen machen, bei denen keine teureren Edelst\u00e4hle ben\u00f6tigt werden.<\/p>\n<h2>Physikalische Eigenschaften von Edelstahl 201<\/h2>\n<table>\n<tbody>\n<tr>\n<td width=\"31.3400%\">\n<p style=\"text-align: center;\"><strong><b>Eigenschaften<\/b><\/strong><\/p>\n<\/td>\n<td style=\"text-align: center;\" width=\"32.9600%\"><strong><b>Metrisch<\/b><\/strong><\/td>\n<td width=\"34.2400%\">\n<p style=\"text-align: center;\"><strong><b>Kaiserliche<\/b><\/strong><\/p>\n<\/td>\n<\/tr>\n<tr>\n<td width=\"31.3400%\">\n<p style=\"text-align: center;\">Dichte<\/p>\n<\/td>\n<td style=\"text-align: center;\" width=\"32.9600%\">7,86 g\/cm3<\/td>\n<td width=\"34.2400%\">\n<p style=\"text-align: center;\">0,284 lb\/in\u00b3<\/p>\n<\/td>\n<\/tr>\n<\/tbody>\n<\/table>\n<h2>Mechanische Eigenschaften von Edelstahl 201<img decoding=\"async\" src=\"https:\/\/hdcmfg.com\/wp-content\/uploads\/2024\/02\/201-Stainless-Steel-6.webp\" alt=\"201 Edelstahl 6\" width=\"1000\" height=\"500\" \/><\/h2>\n<table>\n<tbody>\n<tr>\n<td width=\"71.8400%\">\n<p style=\"text-align: center;\"><strong><b>Eigenschaften<\/b><\/strong><\/p>\n<\/td>\n<td style=\"text-align: center;\" width=\"12.4600%\"><strong><b>Metrisch<\/b><\/strong><\/td>\n<td style=\"text-align: center;\" width=\"14.2400%\"><strong><b>Kaiserliche<\/b><\/strong><\/td>\n<\/tr>\n<tr>\n<td style=\"text-align: center;\" width=\"71.8400%\">Zugfestigkeit (quer bei Raumtemperatur)<\/td>\n<td style=\"text-align: center;\" width=\"12.4600%\">685 MPa<\/td>\n<td width=\"14.2400%\">\n<p style=\"text-align: center;\">99400 psi<\/p>\n<\/td>\n<\/tr>\n<tr>\n<td width=\"71.8400%\">\n<p style=\"text-align: center;\">Zugfestigkeit (l\u00e4ngs bei Raumtemperatur)<\/p>\n<\/td>\n<td style=\"text-align: center;\" width=\"12.4600%\">696 MPa<\/td>\n<td style=\"text-align: center;\" width=\"14.2400%\">101000 psi<\/td>\n<\/tr>\n<tr>\n<td style=\"text-align: center;\" width=\"71.8400%\">Streckgrenze (quer bei Raumtemperatur)<\/td>\n<td style=\"text-align: center;\" width=\"12.4600%\">292 MPa<\/td>\n<td width=\"14.2400%\">\n<p style=\"text-align: center;\">42400 psi<\/p>\n<\/td>\n<\/tr>\n<tr>\n<td width=\"71.8400%\">\n<p style=\"text-align: center;\">Streckgrenze (l\u00e4ngs bei Raumtemperatur)<\/p>\n<\/td>\n<td style=\"text-align: center;\" width=\"12.4600%\">301 MPa<\/td>\n<td style=\"text-align: center;\" width=\"14.2400%\">43700 psi<\/td>\n<\/tr>\n<tr>\n<td style=\"text-align: center;\" width=\"71.8400%\">Druckstreckgrenze<\/td>\n<td style=\"text-align: center;\" width=\"12.4600%\">365 MPa<\/td>\n<td width=\"14.2400%\">\n<p style=\"text-align: center;\">52900 psi<\/p>\n<\/td>\n<\/tr>\n<tr>\n<td width=\"71.8400%\">\n<p style=\"text-align: center;\">Elastizit\u00e4tsmodul<\/p>\n<\/td>\n<td style=\"text-align: center;\" width=\"12.4600%\">197 GPa<\/td>\n<td style=\"text-align: center;\" width=\"14.2400%\">28573 ksi<\/td>\n<\/tr>\n<tr>\n<td style=\"text-align: center;\" width=\"71.8400%\">Poisson-Zahl<\/td>\n<td style=\"text-align: center;\" width=\"12.4600%\">0.27-0.30<\/td>\n<td width=\"14.2400%\">\n<p style=\"text-align: center;\">0.27-0.30<\/p>\n<\/td>\n<\/tr>\n<tr>\n<td width=\"71.8400%\">\n<p style=\"text-align: center;\">Bruchdehnung (l\u00e4ngs bei Raumtemperatur)<\/p>\n<\/td>\n<td style=\"text-align: center;\" width=\"12.4600%\">56%<\/td>\n<td style=\"text-align: center;\" width=\"14.2400%\">56%<\/td>\n<\/tr>\n<tr>\n<td style=\"text-align: center;\" width=\"71.8400%\">Bruchdehnung (quer bei Raumtemperatur)<\/td>\n<td style=\"text-align: center;\" width=\"12.4600%\">62.50%<\/td>\n<td width=\"14.2400%\">\n<p style=\"text-align: center;\">62.50%<\/p>\n<\/td>\n<\/tr>\n<tr>\n<td width=\"71.8400%\">\n<p style=\"text-align: center;\">H\u00e4rte, Rockwell B (quer bei Raumtemperatur)<\/p>\n<\/td>\n<td style=\"text-align: center;\" width=\"12.4600%\">85<\/td>\n<td style=\"text-align: center;\" width=\"14.2400%\">85<\/td>\n<\/tr>\n<tr>\n<td style=\"text-align: center;\" width=\"71.8400%\">H\u00e4rte, Rockwell B (l\u00e4ngs bei Raumtemperatur)<\/td>\n<td style=\"text-align: center;\" width=\"12.4600%\">85<\/td>\n<td width=\"14.2400%\">\n<p style=\"text-align: center;\">85<\/p>\n<\/td>\n<\/tr>\n<\/tbody>\n<\/table>\n<h2>Thermische Eigenschaften von Edelstahl 201<img decoding=\"async\" src=\"https:\/\/hdcmfg.com\/wp-content\/uploads\/2024\/02\/201-Stainless-Steel-7.webp\" alt=\"201 Edelstahl 7\" width=\"1000\" height=\"500\" \/><\/h2>\n<table>\n<tbody>\n<tr>\n<td width=\"61.2800%\">\n<p style=\"text-align: center;\"><strong><b>Eigenschaften<\/b><\/strong><\/p>\n<\/td>\n<td style=\"text-align: center;\" width=\"15.1800%\"><strong><b>Metrisch<\/b><\/strong><\/td>\n<td style=\"text-align: center;\" width=\"22.0800%\"><strong><b>Kaiserliche<\/b><\/strong><\/td>\n<\/tr>\n<tr>\n<td style=\"text-align: center;\" width=\"61.2800%\">W\u00e4rmeausdehnungskoeffizient (bei 20\u2013100 \u00b0C\/68\u2013212 \u00b0F)<\/td>\n<td style=\"text-align: center;\" width=\"15.1800%\">16,6 \u00b5m\/m\u00b0C<\/td>\n<td width=\"22.0800%\">\n<p style=\"text-align: center;\">9,22 \u00b5in\/in\u00b0F<\/p>\n<\/td>\n<\/tr>\n<tr>\n<td width=\"61.2800%\">\n<p style=\"text-align: center;\">W\u00e4rmeleitf\u00e4higkeit (bei 100 \u00b0C\/212 \u00b0F)<\/p>\n<\/td>\n<td style=\"text-align: center;\" width=\"15.1800%\">16,3 W\/mK<\/td>\n<td width=\"22.0800%\">\n<p style=\"text-align: center;\">113 BTU in\/h.ft\u00b2.\u00b0F<\/p>\n<\/td>\n<\/tr>\n<\/tbody>\n<\/table>\n<h2>Herausforderungen bei der Verarbeitung von Edelstahl 201<\/h2>\n<p>Die Verarbeitung von Edelstahl 201 wird durch seine geringere Korrosionsbest\u00e4ndigkeit, die Neigung zu schneller Kaltverfestigung und die im Vergleich zu anderen Edelst\u00e4hlen schlechtere Bearbeitbarkeit erschwert. Die Einhaltung der Anforderungen an Oberfl\u00e4cheng\u00fcte und Umformbarkeit bei gleichzeitiger Wirtschaftlichkeit des Materials ist ein weiterer wichtiger Aspekt. Zudem erfordert die Schwei\u00dfbarkeit eine korrekte Abfolge von Vorw\u00e4rmung und Nachbehandlung. Dar\u00fcber hinaus muss die Kompatibilit\u00e4t mit bestimmten Umgebungen im Vorfeld gepr\u00fcft werden. Obwohl Edelstahl 201 eine kosteng\u00fcnstige Option darstellt, beeinflussen die Materialeigenschaften, die Verarbeitungstechniken und die Ma\u00dfnahmen zur Qualit\u00e4tskontrolle die Produktion und m\u00fcssen daher sorgf\u00e4ltig ber\u00fccksichtigt werden.<img decoding=\"async\" src=\"https:\/\/hdcmfg.com\/wp-content\/uploads\/2024\/02\/201-Stainless-Steel-8.webp\" alt=\"201 Edelstahl 8\" width=\"1000\" height=\"500\" \/><\/p>\n<h2>Anwendungen von Edelstahl 201<\/h2>\n<p>Edelstahl 201 findet dank seiner spezifischen Eigenschaften in verschiedenen Bereichen Anwendung. Er ist aufgrund seiner guten Korrosionsbest\u00e4ndigkeit und des niedrigen Preises ein sehr beliebtes Material f\u00fcr K\u00fcchenger\u00e4te und -utensilien und eignet sich daher f\u00fcr die Lebensmittelzubereitung. Dar\u00fcber hinaus wird er in der Automobilindustrie, beispielsweise bei Abgasanlagen und Verkleidungen, eingesetzt, wo Korrosionsbest\u00e4ndigkeit und \u00e4sthetisches Erscheinungsbild wichtig sind. Im Bauwesen dient Edelstahl 201 dekorativen Zwecken, architektonischen Zierelementen und tragenden Bauteilen, sofern eine ausreichende Korrosionsbest\u00e4ndigkeit erforderlich ist. Seine Wirtschaftlichkeit erm\u00f6glicht zudem seine vielseitige Verwendung, beispielsweise f\u00fcr Regale, M\u00f6bel und Schilder. Allerdings ist die Einsatzf\u00e4higkeit dieses Materials in wasserbasierten oder stark \u00e4tzenden Umgebungen eingeschr\u00e4nkt, da es im Vergleich zu h\u00f6herwertigen Edelst\u00e4hlen hier weniger geeignet ist.<\/p>\n<h2>\u00c4quivalente Materialien von Edelstahl 201<\/h2>\n<table>\n<tbody>\n<tr>\n<td width=\"47.1800%\">\n<p style=\"text-align: center;\"><strong><b>EUEN<\/b><\/strong><\/p>\n<\/td>\n<td style=\"text-align: center;\" width=\"8.6800%\"><strong><b>USA-<\/b><\/strong><\/td>\n<td style=\"text-align: center;\" width=\"14.1000%\"><strong><b>JapanJIS<\/b><\/strong><\/td>\n<td style=\"text-align: center;\" width=\"28.2000%\"><strong><b>FrankreichAFNOR<\/b><\/strong><\/td>\n<\/tr>\n<tr>\n<td style=\"text-align: center;\" width=\"47.1800%\">X12CrMnNiN17-7-5 (1.4372)<\/td>\n<td style=\"text-align: center;\" width=\"8.6800%\">201<\/td>\n<td style=\"text-align: center;\" width=\"14.1000%\">SUS201<\/td>\n<td width=\"28.2000%\">\n<p style=\"text-align: center;\">Z12CMN17-07Az<\/p>\n<\/td>\n<\/tr>\n<\/tbody>\n<\/table>\n<p>&nbsp;<\/p>","protected":false},"excerpt":{"rendered":"<p>HDC Manufacturing has over a decade of experience in the custom metal components field. We possess precision 4-axis and 5-axis machine tools, automated CNC machining centers, and a professional design and production team. We can provide you with various machining processes, including CNC milling, CNC turning, laser cutting, metal casting, and more, to craft your [&hellip;]<\/p>\n","protected":false},"author":1,"featured_media":14885,"parent":0,"menu_order":0,"comment_status":"closed","ping_status":"closed","template":"","meta":{"_acf_changed":false,"_seopress_robots_primary_cat":"","_seopress_titles_title":"Stainless Steel 201: Composition, Characteristics, Naming Convention, and Applications","_seopress_titles_desc":"HDC Manufacturing is a professional custom metal parts supplier. We offer a variety of material options, including titanium alloys, stainless steel, copper, aluminum alloys, plastics, etc., to best meet your material requirements.","_seopress_robots_index":"","site-sidebar-layout":"no-sidebar","site-content-layout":"page-builder","ast-site-content-layout":"full-width-container","site-content-style":"default","site-sidebar-style":"default","ast-global-header-display":"","ast-banner-title-visibility":"","ast-main-header-display":"","ast-hfb-above-header-display":"","ast-hfb-below-header-display":"","ast-hfb-mobile-header-display":"","site-post-title":"","ast-breadcrumbs-content":"disabled","ast-featured-img":"","footer-sml-layout":"","ast-disable-related-posts":"","theme-transparent-header-meta":"default","adv-header-id-meta":"","stick-header-meta":"default","header-above-stick-meta":"","header-main-stick-meta":"","header-below-stick-meta":"","astra-migrate-meta-layouts":"set","ast-page-background-enabled":"default","ast-page-background-meta":{"desktop":{"background-color":"","background-image":"","background-repeat":"repeat","background-position":"center center","background-size":"auto","background-attachment":"scroll","background-type":"","background-media":"","overlay-type":"","overlay-color":"","overlay-opacity":"","overlay-gradient":""},"tablet":{"background-color":"","background-image":"","background-repeat":"repeat","background-position":"center center","background-size":"auto","background-attachment":"scroll","background-type":"","background-media":"","overlay-type":"","overlay-color":"","overlay-opacity":"","overlay-gradient":""},"mobile":{"background-color":"","background-image":"","background-repeat":"repeat","background-position":"center center","background-size":"auto","background-attachment":"scroll","background-type":"","background-media":"","overlay-type":"","overlay-color":"","overlay-opacity":"","overlay-gradient":""}},"ast-content-background-meta":{"desktop":{"background-color":"var(--ast-global-color-5)","background-image":"","background-repeat":"repeat","background-position":"center center","background-size":"auto","background-attachment":"scroll","background-type":"","background-media":"","overlay-type":"","overlay-color":"","overlay-opacity":"","overlay-gradient":""},"tablet":{"background-color":"var(--ast-global-color-5)","background-image":"","background-repeat":"repeat","background-position":"center center","background-size":"auto","background-attachment":"scroll","background-type":"","background-media":"","overlay-type":"","overlay-color":"","overlay-opacity":"","overlay-gradient":""},"mobile":{"background-color":"var(--ast-global-color-5)","background-image":"","background-repeat":"repeat","background-position":"center center","background-size":"auto","background-attachment":"scroll","background-type":"","background-media":"","overlay-type":"","overlay-color":"","overlay-opacity":"","overlay-gradient":""}},"footnotes":""},"tags":[343],"class_list":["post-13337","page","type-page","status-publish","has-post-thumbnail","hentry","tag-acf-temp"],"acf":[],"_links":{"self":[{"href":"https:\/\/hdcmfg.com\/de\/wp-json\/wp\/v2\/pages\/13337","targetHints":{"allow":["GET"]}}],"collection":[{"href":"https:\/\/hdcmfg.com\/de\/wp-json\/wp\/v2\/pages"}],"about":[{"href":"https:\/\/hdcmfg.com\/de\/wp-json\/wp\/v2\/types\/page"}],"author":[{"embeddable":true,"href":"https:\/\/hdcmfg.com\/de\/wp-json\/wp\/v2\/users\/1"}],"replies":[{"embeddable":true,"href":"https:\/\/hdcmfg.com\/de\/wp-json\/wp\/v2\/comments?post=13337"}],"version-history":[{"count":3,"href":"https:\/\/hdcmfg.com\/de\/wp-json\/wp\/v2\/pages\/13337\/revisions"}],"predecessor-version":[{"id":103377,"href":"https:\/\/hdcmfg.com\/de\/wp-json\/wp\/v2\/pages\/13337\/revisions\/103377"}],"wp:featuredmedia":[{"embeddable":true,"href":"https:\/\/hdcmfg.com\/de\/wp-json\/wp\/v2\/media\/14885"}],"wp:attachment":[{"href":"https:\/\/hdcmfg.com\/de\/wp-json\/wp\/v2\/media?parent=13337"}],"wp:term":[{"taxonomy":"post_tag","embeddable":true,"href":"https:\/\/hdcmfg.com\/de\/wp-json\/wp\/v2\/tags?post=13337"}],"curies":[{"name":"wp","href":"https:\/\/api.w.org\/{rel}","templated":true}]}}