{"id":4171,"date":"2021-07-08T08:37:05","date_gmt":"2021-07-08T08:37:05","guid":{"rendered":"https:\/\/hdcmfg.com\/?page_id=4171"},"modified":"2021-07-08T08:43:47","modified_gmt":"2021-07-08T08:43:47","slug":"verpackung-und-versand","status":"publish","type":"page","link":"https:\/\/hdcmfg.com\/de\/packaging-and-shipping\/","title":{"rendered":"Verpackung und Versand"},"content":{"rendered":"<h2>1. Verpackung<\/h2>\n<p>Um Sch\u00e4den oder Kratzer an den Teilen zu vermeiden, ist die Verpackung sehr wichtig<\/p>\n<p>Wir k\u00f6nnen auch die kundenspezifische Verpackung gem\u00e4\u00df Ihren Anforderungen durchf\u00fchren<\/p>\n<p><img decoding=\"async\" class=\"alignnone size-full wp-image-4172\" src=\"https:\/\/hdcmfg.com\/wp-content\/uploads\/2021\/07\/Packaging-for-Metal-Parts.jpg\" alt=\"Verpackung f\u00fcr Metallteile\" width=\"1280\" height=\"1706\" srcset=\"https:\/\/hdcmfg.com\/wp-content\/uploads\/2021\/07\/Packaging-for-Metal-Parts.jpg 1280w, https:\/\/hdcmfg.com\/wp-content\/uploads\/2021\/07\/Packaging-for-Metal-Parts-768x1024.jpg 768w, https:\/\/hdcmfg.com\/wp-content\/uploads\/2021\/07\/Packaging-for-Metal-Parts-1152x1536.jpg 1152w\" sizes=\"(max-width: 1280px) 100vw, 1280px\" \/><\/p>\n<h2>2. Versand<\/h2>\n<p>Wir verf\u00fcgen \u00fcber ein erfahrenes Serviceteam, das Ihnen je nach Bedarf kosteng\u00fcnstige Versandoptionen bietet<\/p>\n<p>Courier, Air, Sea und auch Railway Express stehen Ihnen zur Auswahl<\/p>\n<p>Neben den g\u00e4ngigen Versandmethoden wie EXW, FOB, CIF k\u00f6nnen wir Ihnen auch dabei helfen, die Waren in DDU, DDP an Ihr Lager zu versenden, damit Sie so einfach wie bei Amazon kaufen k\u00f6nnen.<\/p>","protected":false},"excerpt":{"rendered":"<p>1.Packaging To avoid any damages or scratches on the parts, The packaging is very important We also\u00a0 can do the custom packaging as per your requirement 2. Shipping We have an experienced service team to give you economical shipping options based on your requirement Courier, Air, Sea and also Railway Express, are all available for [&hellip;]<\/p>\n","protected":false},"author":1,"featured_media":0,"parent":0,"menu_order":0,"comment_status":"closed","ping_status":"closed","template":"","meta":{"_acf_changed":false,"_seopress_robots_primary_cat":"","_seopress_titles_title":"","_seopress_titles_desc":"","_seopress_robots_index":"","site-sidebar-layout":"default","site-content-layout":"default","ast-site-content-layout":"default","site-content-style":"default","site-sidebar-style":"default","ast-global-header-display":"","ast-banner-title-visibility":"","ast-main-header-display":"","ast-hfb-above-header-display":"","ast-hfb-below-header-display":"","ast-hfb-mobile-header-display":"","site-post-title":"","ast-breadcrumbs-content":"","ast-featured-img":"","footer-sml-layout":"","ast-disable-related-posts":"","theme-transparent-header-meta":"default","adv-header-id-meta":"","stick-header-meta":"default","header-above-stick-meta":"","header-main-stick-meta":"","header-below-stick-meta":"","astra-migrate-meta-layouts":"default","ast-page-background-enabled":"default","ast-page-background-meta":{"desktop":{"background-color":"","background-image":"","background-repeat":"repeat","background-position":"center center","background-size":"auto","background-attachment":"scroll","background-type":"","background-media":"","overlay-type":"","overlay-color":"","overlay-opacity":"","overlay-gradient":""},"tablet":{"background-color":"","background-image":"","background-repeat":"repeat","background-position":"center center","background-size":"auto","background-attachment":"scroll","background-type":"","background-media":"","overlay-type":"","overlay-color":"","overlay-opacity":"","overlay-gradient":""},"mobile":{"background-color":"","background-image":"","background-repeat":"repeat","background-position":"center center","background-size":"auto","background-attachment":"scroll","background-type":"","background-media":"","overlay-type":"","overlay-color":"","overlay-opacity":"","overlay-gradient":""}},"ast-content-background-meta":{"desktop":{"background-color":"var(--ast-global-color-5)","background-image":"","background-repeat":"repeat","background-position":"center center","background-size":"auto","background-attachment":"scroll","background-type":"","background-media":"","overlay-type":"","overlay-color":"","overlay-opacity":"","overlay-gradient":""},"tablet":{"background-color":"var(--ast-global-color-5)","background-image":"","background-repeat":"repeat","background-position":"center center","background-size":"auto","background-attachment":"scroll","background-type":"","background-media":"","overlay-type":"","overlay-color":"","overlay-opacity":"","overlay-gradient":""},"mobile":{"background-color":"var(--ast-global-color-5)","background-image":"","background-repeat":"repeat","background-position":"center center","background-size":"auto","background-attachment":"scroll","background-type":"","background-media":"","overlay-type":"","overlay-color":"","overlay-opacity":"","overlay-gradient":""}},"footnotes":""},"tags":[],"class_list":["post-4171","page","type-page","status-publish","hentry"],"acf":[],"_links":{"self":[{"href":"https:\/\/hdcmfg.com\/de\/wp-json\/wp\/v2\/pages\/4171","targetHints":{"allow":["GET"]}}],"collection":[{"href":"https:\/\/hdcmfg.com\/de\/wp-json\/wp\/v2\/pages"}],"about":[{"href":"https:\/\/hdcmfg.com\/de\/wp-json\/wp\/v2\/types\/page"}],"author":[{"embeddable":true,"href":"https:\/\/hdcmfg.com\/de\/wp-json\/wp\/v2\/users\/1"}],"replies":[{"embeddable":true,"href":"https:\/\/hdcmfg.com\/de\/wp-json\/wp\/v2\/comments?post=4171"}],"version-history":[{"count":0,"href":"https:\/\/hdcmfg.com\/de\/wp-json\/wp\/v2\/pages\/4171\/revisions"}],"wp:attachment":[{"href":"https:\/\/hdcmfg.com\/de\/wp-json\/wp\/v2\/media?parent=4171"}],"wp:term":[{"taxonomy":"post_tag","embeddable":true,"href":"https:\/\/hdcmfg.com\/de\/wp-json\/wp\/v2\/tags?post=4171"}],"curies":[{"name":"wp","href":"https:\/\/api.w.org\/{rel}","templated":true}]}}