{"id":13324,"date":"2023-10-15T08:50:13","date_gmt":"2023-10-15T08:50:13","guid":{"rendered":"https:\/\/hdcmfg.com\/?page_id=13324"},"modified":"2026-03-19T03:23:20","modified_gmt":"2026-03-19T03:23:20","slug":"acero-al-carbono-12l14","status":"publish","type":"page","link":"https:\/\/hdcmfg.com\/es\/12l14-carbon-steel\/","title":{"rendered":"Acero al carbono 12L14: composici\u00f3n qu\u00edmica, propiedades, m\u00e9todos de procesamiento y campos de aplicaci\u00f3n"},"content":{"rendered":"<h2>\u00bfPor qu\u00e9 elegir HDC para fabricar productos de acero al carbono 12L14 personalizados?<\/h2>\n<p>HDC tiene m\u00e1s de una d\u00e9cada de experiencia en el campo de los componentes met\u00e1licos personalizados. Contamos con m\u00e1quinas herramienta de precisi\u00f3n de 4 y 5 ejes, centros de mecanizado CNC automatizados y un equipo profesional de dise\u00f1o y producci\u00f3n. Podemos proporcionarle varios procesos de mecanizado, incluido fresado CNC, torneado CNC, corte por l\u00e1ser, fundici\u00f3n de metales y m\u00e1s, para elaborar sus componentes de material de acero al carbono 12L14 a la perfecci\u00f3n, adaptados a sus requisitos espec\u00edficos.<\/p>\n<p>En medio del \u00e1mbito del acero al carbono 12L14, nuestra habilidad garantiza la producci\u00f3n de componentes exigentes y superiores. Reconocido por su extraordinaria trabajabilidad, 12L14 se erige como la selecci\u00f3n \u00f3ptima para dise\u00f1os complejos. El experimentado equipo de HDC optimiza h\u00e1bilmente los par\u00e1metros de mecanizado, garantizando una precisi\u00f3n dimensional impecable y un acabado superficial impecable. Ya sea que su proyecto implique roscado complejo, contorneado preciso o fresado meticuloso, prometemos eficiencia y un est\u00e1ndar de excelencia.<\/p>\n<p>Yendo m\u00e1s all\u00e1 del \u00e1mbito del mecanizado, HDC se distingue por comprender los atributos distintivos del acero al carbono 12L14. Este conocimiento especializado dirige nuestro proceso de dise\u00f1o cooperativo, brindando conocimientos invaluables y garantizando que nuestros componentes no solo cumplan sino que superen los puntos de referencia de la industria. Con HDC, anticipe componentes de acero al carbono 12L14 meticulosamente dise\u00f1ados con precisi\u00f3n, durabilidad y un atento enfoque en los detalles, que se adaptan y superan las estipulaciones de su proyecto.<\/p>\n<h2>Visi\u00f3n general<\/h2>\n<p><b>12L14 <\/b>Es una aleaci\u00f3n de acero de f\u00e1cil mecanizaci\u00f3n conocida por su excelente maquinabilidad. El acero al carbono 12L14 es una opci\u00f3n popular para aplicaciones que exigen maquinabilidad y precisi\u00f3n excepcionales. Su composici\u00f3n, que incluye azufre y f\u00f3sforo, facilita un mecanizado eficiente, lo que lo convierte en un material valioso para la producci\u00f3n de componentes peque\u00f1os e intrincados en diversas industrias.<\/p>\n<p><img decoding=\"async\" src=\"https:\/\/hdcmfg.com\/wp-content\/uploads\/2024\/02\/12L14-Carbon-Steel-1.webp\" alt=\"Acero al carbono 12l14 1\" \/><\/p>\n<h2>\u00bfQu\u00e9 es el acero al carbono?<\/h2>\n<p><strong>Acero carbono<\/strong> Es un acero con hierro y carbono como elementos principales, mientras que otros elementos se encuentran en menor cantidad. El acero al carbono con un contenido medio de carbono, es decir, de 0,05% a 2,0%, se produce seg\u00fan el grado y la aplicaci\u00f3n. El acero al carbono es apreciado por su resistencia, dureza y durabilidad a largo plazo, lo que hace que se utilice ampliamente en diferentes industrias como la construcci\u00f3n, la manufactura, la automoci\u00f3n y la infraestructura. El acero se divide en cuatro tipos seg\u00fan su contenido de carbono y caracter\u00edsticas como acero bajo en carbono (acero dulce), acero medio en carbono y acero alto en carbono. Adem\u00e1s, el acero al carbono se puede alear (mezclar) con elementos como manganeso, silicio y azufre para mejorar ciertas propiedades como la resistencia, la ductilidad y la maquinabilidad. Dado que es uno de los tipos de acero m\u00e1s resistentes y econ\u00f3micos utilizados en la fabricaci\u00f3n de piezas, componentes, piezas de maquinaria, tuber\u00edas, bastidores de autom\u00f3viles y otras aplicaciones.<\/p>\n<h2>\u00bfCu\u00e1les son las caracter\u00edsticas del acero al carbono 12L14?<\/h2>\n<p><img decoding=\"async\" src=\"https:\/\/hdcmfg.com\/wp-content\/uploads\/2024\/02\/12L14-Carbon-Steel-2.webp\" alt=\"Acero al carbono 12l14 2\" \/><\/p>\n<p>El acero 12L14, conocido por su alto contenido de azufre y plomo, es famoso por su excelente maquinabilidad. La adici\u00f3n de sulfuros de manganeso a la composici\u00f3n est\u00e1ndar de grado Fe le confiere propiedades rompevirutas durante el proceso de mecanizado y reduce dr\u00e1sticamente el desgaste de la herramienta, lo que resulta en un excelente acabado superficial en las piezas mecanizadas. Si bien no es tan resistente como otros aceros al carbono, ofrece una resistencia y ductilidad excelentes para diversas aplicaciones de acero inoxidable. Siguiendo los procedimientos convencionales, puede soldarse, aunque se requieren precauciones debido a su contenido de azufre y plomo. Este acero es econ\u00f3mico y se utiliza ampliamente en componentes automotrices, bujes, accesorios y sujetadores. Por lo tanto, su demanda es alta debido a la precisi\u00f3n de mecanizado y la alta capacidad de producci\u00f3n.<\/p>\n<h2>\u00bfCu\u00e1l es la base de denominaci\u00f3n del acero al carbono 12L14?<\/h2>\n<p>La nomenclatura del acero al carbono 12L14 se basa en su composici\u00f3n y conformidad con la estandarizaci\u00f3n del sistema AISI (Instituto Americano del Hierro y el Acero). El &quot;12&quot; en 12L14 indica el contenido promedio de carbono, aproximadamente 0,121 TP3T. La &quot;L&quot; indica la presencia de plomo en la aleaci\u00f3n. En resumen, el &quot;14&quot; representa el contenido de azufre, aproximadamente 0,141 TP3T. Esta designaci\u00f3n num\u00e9rica alfanum\u00e9rica ofrece un m\u00e9todo estandarizado para identificar y clasificar los aceros al carbono seg\u00fan su composici\u00f3n y propiedades. Esto facilita la comunicaci\u00f3n y la comprensi\u00f3n entre los actores de la industria.<\/p>\n<p><img decoding=\"async\" src=\"https:\/\/hdcmfg.com\/wp-content\/uploads\/2024\/02\/12L14-Carbon-Steel-3.webp\" alt=\"Acero al carbono 12l14 3\" \/><\/p>\n<h2>Composici\u00f3n qu\u00edmica del acero al carbono 12L14<\/h2>\n<table>\n<tbody>\n<tr>\n<td width=\"54.2800%\"><strong><b>Elemento<\/b><\/strong><\/td>\n<td width=\"44.6200%\"><strong><b>Contenido (%)<\/b><\/strong><\/td>\n<\/tr>\n<tr>\n<td width=\"54.2800%\">Hierro, Fe<\/td>\n<td width=\"44.6200%\">97,91 \u2013 98,7<\/td>\n<\/tr>\n<tr>\n<td width=\"54.2800%\">Manganeso<\/td>\n<td width=\"44.6200%\">0,85 \u2013 1,15<\/td>\n<\/tr>\n<tr>\n<td width=\"54.2800%\">Azufre, S<\/td>\n<td width=\"44.6200%\">0,260 \u2013 0,35<\/td>\n<\/tr>\n<tr>\n<td width=\"54.2800%\">Plomo, Pb<\/td>\n<td width=\"44.6200%\">0,15 \u2013 0,35<\/td>\n<\/tr>\n<tr>\n<td width=\"54.2800%\">Carbono, C<\/td>\n<td width=\"44.6200%\">0.15<\/td>\n<\/tr>\n<tr>\n<td width=\"54.2800%\">F\u00f3sforo, P<\/td>\n<td width=\"44.6200%\">0,040 \u2013 0,090<\/td>\n<\/tr>\n<\/tbody>\n<\/table>\n<h2>La influencia de la composici\u00f3n del acero al carbono 12L14 en sus propiedades<\/h2>\n<p><img decoding=\"async\" src=\"https:\/\/hdcmfg.com\/wp-content\/uploads\/2024\/02\/12L14-Carbon-Steel-4.webp\" alt=\"Acero al carbono 12l14 4\" \/><\/p>\n<p>El acero al carbono 12L14 se utiliza ampliamente como material base debido a su versatilidad. Contiene aproximadamente 0,12 % de carbono, lo que le confiere resistencia y dureza, a la vez que conserva su maleabilidad. El manganeso contribuye a la templabilidad y resistencia del acero, mientras que el azufre, en una proporci\u00f3n de alrededor de 0,15%, mejora la maquinabilidad mediante la formaci\u00f3n de sulfuros de manganeso, lo que reduce los costos de producci\u00f3n y prolonga la vida \u00fatil de las herramientas. Tambi\u00e9n se a\u00f1ade plomo para mejorar a\u00fan m\u00e1s la maquinabilidad, actuando como lubricante y reduciendo as\u00ed la fricci\u00f3n entre la herramienta de corte y la pieza de trabajo. La composici\u00f3n del 12L14 se controla con precisi\u00f3n para obtener excelentes caracter\u00edsticas de maquinabilidad, lo que lo hace perfecto para aplicaciones industriales que requieren alta precisi\u00f3n y grandes vol\u00famenes de producci\u00f3n, siendo, por lo tanto, id\u00f3neo para componentes y elementos de fijaci\u00f3n de la industria automotriz.<\/p>\n<h2>Propiedades f\u00edsicas del acero al carbono 12L14<\/h2>\n<table>\n<tbody>\n<tr>\n<td width=\"31.3400%\"><strong><b>Propiedades<\/b><\/strong><\/td>\n<td width=\"32.9600%\"><strong><b>M\u00e9trico<\/b><\/strong><\/td>\n<td width=\"34.2400%\"><strong><b>Imperial<\/b><\/strong><\/td>\n<\/tr>\n<tr>\n<td width=\"31.3400%\">Densidad<\/td>\n<td width=\"32.9600%\">7,87 g\/cm3<\/td>\n<td width=\"34.2400%\">0,284 libras\/pulg\u00b3<\/td>\n<\/tr>\n<\/tbody>\n<\/table>\n<h2>Propiedades mec\u00e1nicas del acero al carbono 12L14<\/h2>\n<p><img decoding=\"async\" src=\"https:\/\/hdcmfg.com\/wp-content\/uploads\/2024\/02\/12L14-Carbon-Steel-5.webp\" alt=\"Acero al carbono 12l14 5\" \/><\/p>\n<table>\n<tbody>\n<tr>\n<td width=\"522\"><strong><b>Propiedades<\/b><\/strong><\/td>\n<td width=\"156\"><strong><b>M\u00e9trico<\/b><\/strong><\/td>\n<td width=\"149\"><strong><b>Imperial<\/b><\/strong><\/td>\n<\/tr>\n<tr>\n<td width=\"522\">Resistencia a la tracci\u00f3n de acero 12L14<\/td>\n<td width=\"156\">540 MPa<\/td>\n<td width=\"149\">78300 psi<\/td>\n<\/tr>\n<tr>\n<td width=\"522\">L\u00edmite el\u00e1stico<\/td>\n<td width=\"156\">415 MPa<\/td>\n<td width=\"149\">60200 psi<\/td>\n<\/tr>\n<tr>\n<td width=\"522\">M\u00f3dulo de volumen (t\u00edpico del acero)<\/td>\n<td width=\"156\">140 GPa<\/td>\n<td width=\"149\">20300 ksi<\/td>\n<\/tr>\n<tr>\n<td width=\"522\">M\u00f3dulo de corte (t\u00edpico del acero)<\/td>\n<td width=\"156\">80,0 GPa<\/td>\n<td width=\"149\">11600 ksi<\/td>\n<\/tr>\n<tr>\n<td width=\"522\">Modulos elasticos<\/td>\n<td width=\"156\">190-210 GPa<\/td>\n<td width=\"149\">27557-30458 ksi<\/td>\n<\/tr>\n<tr>\n<td width=\"522\">el coeficiente de Poisson<\/td>\n<td width=\"156\">0.27-0.30<\/td>\n<td width=\"149\">0.27-0.30<\/td>\n<\/tr>\n<tr>\n<td width=\"522\">Alargamiento a la rotura<\/td>\n<td width=\"156\">10%<\/td>\n<td width=\"149\">10%<\/td>\n<\/tr>\n<tr>\n<td width=\"522\">Reducci\u00f3n del \u00e1rea<\/td>\n<td width=\"156\">35%<\/td>\n<td width=\"149\">35%<\/td>\n<\/tr>\n<tr>\n<td width=\"522\">Dureza, Brinell<\/td>\n<td width=\"156\">163<\/td>\n<td width=\"149\">163<\/td>\n<\/tr>\n<tr>\n<td width=\"522\">Dureza, Knoop (convertida de dureza Brinell)<\/td>\n<td width=\"156\">184<\/td>\n<td width=\"149\">184<\/td>\n<\/tr>\n<tr>\n<td width=\"522\">Dureza, Rockwell B (convertida de dureza Brinell)<\/td>\n<td width=\"156\">84<\/td>\n<td width=\"149\">84<\/td>\n<\/tr>\n<tr>\n<td width=\"522\">Dureza, Vickers (convertida de dureza Brinell)<\/td>\n<td width=\"156\">170<\/td>\n<td width=\"149\">170<\/td>\n<\/tr>\n<tr>\n<td width=\"522\">Maquinabilidad (basada en maquinabilidad 100 para acero AISI 1212)<\/td>\n<td width=\"156\">160<\/td>\n<td width=\"149\">160<\/td>\n<\/tr>\n<\/tbody>\n<\/table>\n<h2>Propiedades t\u00e9rmicas del acero al carbono 12L14<\/h2>\n<table>\n<tbody>\n<tr>\n<td><strong><b>Propiedades<\/b><\/strong><\/td>\n<td><strong><b>M\u00e9trico<\/b><\/strong><\/td>\n<td><strong><b>Imperial<\/b><\/strong><\/td>\n<\/tr>\n<tr>\n<td>Coeficiente de expansi\u00f3n t\u00e9rmica (@ 20\u00b0C\/68\u00b0F, acero t\u00edpico)<\/td>\n<td>11,5 \u00b5m\/m\u00b0C<\/td>\n<td>6,39 \u00b5pulg\/pulg\u00b0F<\/td>\n<\/tr>\n<tr>\n<td>Conductividad t\u00e9rmica (acero t\u00edpico)<\/td>\n<td>51,9 W\/mK<\/td>\n<td>360 BTU pulg\/h.pie\u00b2.\u00b0F<\/td>\n<\/tr>\n<\/tbody>\n<\/table>\n<h2>Materiales equivalentes de acero al carbono 12L14<\/h2>\n<p><img decoding=\"async\" src=\"https:\/\/hdcmfg.com\/wp-content\/uploads\/2024\/02\/12L14-Carbon-Steel-6.webp\" alt=\"Acero al carbono 12l14 6\" \/><\/p>\n<table>\n<tbody>\n<tr>\n<td width=\"18.8000%\"><strong><b>n\u00famero UNS<\/b><\/strong><\/td>\n<td width=\"80.1000%\">G12144<\/td>\n<\/tr>\n<tr>\n<td width=\"18.8000%\"><strong><b>nombre de EE.UU.<\/b><\/strong><\/td>\n<td width=\"80.1000%\">AISI 12L14, 12L13, 12L15 seg\u00fan ASTM A29, ASTM A510, ASTM A519, ASTM A576, SAE J403<\/td>\n<\/tr>\n<tr>\n<td width=\"18.8000%\"><strong><b>ES nombre<\/b><\/strong><\/td>\n<td width=\"80.1000%\">11SMnPb37, 11SMnPb30, 9SMnPb28 seg\u00fan BS EN 10087, BS EN 10277; S300Pb seg\u00fan NF A35 561<\/td>\n<\/tr>\n<tr>\n<td width=\"18.8000%\"><strong><b>n\u00famero ES<\/b><\/strong><\/td>\n<td width=\"80.1000%\">1.0737, 1.0718, 1.9718<\/td>\n<\/tr>\n<tr>\n<td width=\"18.8000%\"><strong><b>Nombre JIS (japon\u00e9s)<\/b><\/strong><\/td>\n<td width=\"80.1000%\">SUM24L seg\u00fan JIS G4804<\/td>\n<\/tr>\n<\/tbody>\n<\/table>\n<h2>\u00bfQu\u00e9 m\u00e9todos de procesamiento son adecuados para el acero al carbono 12L14?<\/h2>\n<p>Los aceros 12L14 son muy vers\u00e1tiles en la fabricaci\u00f3n debido a su f\u00e1cil mecanizado y resistencia moderada. En particular, destacan en operaciones de mecanizado como torneado, fresado, taladrado y roscado gracias a su alto contenido en plomo y azufre, que facilita la eliminaci\u00f3n de virutas y reduce el desgaste de las herramientas. Adem\u00e1s, pueden conformarse mediante procesos de conformado en fr\u00edo, como doblado y estampado, sin necesidad de precalentamiento ni recocido. Sin embargo, debido a su contenido relativamente alto de azufre y plomo, se recomienda evitar estos procesos. Los tratamientos t\u00e9rmicos, utilizados para modificar sus propiedades, suelen ser la excepci\u00f3n, ya que el 12L14 rara vez se endurece mediante este m\u00e9todo. En resumen, el acero al carbono 12L14 es el material ideal cuando se requiere alta precisi\u00f3n en el mecanizado y la resistencia es un factor cr\u00edtico.<\/p>\n<h2>\u00bfCu\u00e1les son las limitaciones del acero al carbono 12L14?<\/h2>\n<p><img decoding=\"async\" src=\"https:\/\/hdcmfg.com\/wp-content\/uploads\/2024\/02\/12L14-Carbon-Steel-7.webp\" alt=\"Acero al carbono 12l14 7\" \/><\/p>\n<p>La extrema precisi\u00f3n de maquinabilidad, sumada a su resistencia moderada, hace que el acero al carbono 12L14 presente ciertas limitaciones. Este acero, caracterizado por una resistencia y tenacidad relativamente bajas, no es muy adecuado para aplicaciones que exigen alta resistencia o resistencia al desgaste. Adem\u00e1s, el azufre, \u00fatil para la maquinabilidad, puede provocar fragilidad en el metal, lo que puede ocasionar problemas como el agrietamiento. La soldabilidad se ve afectada por su contenido de azufre y plomo, superior al habitual, ya que requiere t\u00e9cnicas espec\u00edficas para evitar el agrietamiento y\/o la mala calidad de la soldadura. Asimismo, el acero 12L14 tiene una capacidad de tratamiento t\u00e9rmico muy limitada y se necesitan medidas de protecci\u00f3n adicionales para mitigar la corrosi\u00f3n en ciertos entornos especiales. Por lo tanto, las principales ventajas de esta tecnolog\u00eda para el mecanizado de componentes deben sopesarse frente a sus limitaciones en la selecci\u00f3n de materiales.<\/p>\n<h2>Aplicaci\u00f3n com\u00fan del acero al carbono 12L14<\/h2>\n<table>\n<tbody>\n<tr>\n<td><strong>Industrias<\/strong><\/td>\n<td colspan=\"7\"><strong>Componentes<\/strong><\/td>\n<\/tr>\n<tr>\n<td><strong>Automotor<\/strong><\/td>\n<td><a href=\"https:\/\/hdcmfg.com\/es\/adaptadores-de-rueda\/\">Espaciador de rueda<\/a><\/td>\n<td><a href=\"https:\/\/hdcmfg.com\/es\/guardia-de-bloque-cnc\/\">Guardia de bloque<\/a><\/td>\n<td><a href=\"https:\/\/hdcmfg.com\/es\/tapa-de-valvula-cnc\/\">Tapa de la v\u00e1lvula<\/a><\/td>\n<td><a href=\"https:\/\/hdcmfg.com\/es\/brida-de-admision\/\">Brida de admisi\u00f3n<\/a><\/td>\n<td><a href=\"https:\/\/hdcmfg.com\/es\/tuerca-de-rueda-personalizada\/\">Tuerca de rueda<\/a><\/td>\n<td><a href=\"https:\/\/hdcmfg.com\/es\/cnc-shift-knob\/\">Palanca de cambios<\/a><\/td>\n<td><\/td>\n<\/tr>\n<tr>\n<td><strong>Mobiliario y Decoraci\u00f3n<\/strong><\/td>\n<td><a href=\"https:\/\/hdcmfg.com\/es\/bisagras-de-piano\/\">Bisagra de piano<\/a><\/td>\n<td><a href=\"https:\/\/hdcmfg.com\/es\/soldadura-en-bisagras\/\">Soldar en bisagra<\/a><\/td>\n<td><a href=\"https:\/\/hdcmfg.com\/es\/bisagras-de-barril-de-acero\/\">Bisagra de barril<\/a><\/td>\n<td><a href=\"https:\/\/hdcmfg.com\/es\/tornillos-cnc\/\">Tornillos<\/a><\/td>\n<td><\/td>\n<td><\/td>\n<td><\/td>\n<\/tr>\n<tr>\n<td><strong>Motocicleta<\/strong><\/td>\n<td><a href=\"https:\/\/hdcmfg.com\/es\/cnc-pinon\/\">Rueda de espigas<\/a><\/td>\n<td><a href=\"https:\/\/hdcmfg.com\/es\/fabricante-de-ruedas-de-motocicletas\/\">Ruedas<\/a><\/td>\n<td><a href=\"https:\/\/hdcmfg.com\/es\/cubos-de-rueda-de-motocicleta\/\">Cubo de la rueda<\/a><\/td>\n<td><a href=\"https:\/\/hdcmfg.com\/es\/custom-motocicleta-radiador-2\/\">Protector del radiador<\/a><\/td>\n<td><a href=\"https:\/\/hdcmfg.com\/es\/servicio-de-mecanizado-cnc-5\/\">Estribo<\/a><\/td>\n<td><a href=\"https:\/\/hdcmfg.com\/es\/cnc-triple-abrazadera\/\">Abrazadera triple<\/a><\/td>\n<td><a href=\"https:\/\/hdcmfg.com\/es\/cnc-bar-end\/\">Extremo de la barra<\/a><\/td>\n<\/tr>\n<tr>\n<td><strong>Remolque<\/strong><\/td>\n<td><a href=\"https:\/\/hdcmfg.com\/es\/acoplador-de-remolque\/\">Acoplador<\/a><\/td>\n<td><a href=\"https:\/\/hdcmfg.com\/es\/trailer-jack\/\">Gato de remolque<\/a><\/td>\n<td><a href=\"https:\/\/hdcmfg.com\/es\/tubo-receptor\/\">tubo receptor<\/a><\/td>\n<td><a href=\"https:\/\/hdcmfg.com\/es\/candado-de-remolque-de-remolque\/\">Candado de paleta para remolque<\/a><\/td>\n<td><a href=\"https:\/\/hdcmfg.com\/es\/pintle-hook\/\">Gancho de clavija<\/a><\/td>\n<td><a href=\"https:\/\/hdcmfg.com\/es\/montaje-de-bola-de-enganche-de-remolque\/\">Montaje de bola<\/a><\/td>\n<td><\/td>\n<\/tr>\n<tr>\n<td><strong>Bicicleta<\/strong><\/td>\n<td><a href=\"https:\/\/hdcmfg.com\/es\/potencia-de-bicicleta-personalizada\/\">Potencia de bicicleta<\/a><\/td>\n<td><a href=\"https:\/\/hdcmfg.com\/es\/bielas-cnc\/\">Juego de bielas<\/a><\/td>\n<td><a href=\"https:\/\/hdcmfg.com\/es\/ruedas-moto-cross-personalizadas\/\">Ruedas<\/a><\/td>\n<td><a href=\"https:\/\/hdcmfg.com\/es\/bujes-de-bicicleta-personalizados\/\">Cubo de la rueda<\/a><\/td>\n<td><\/td>\n<td><\/td>\n<td><\/td>\n<\/tr>\n<tr>\n<td><strong>Kart<\/strong><\/td>\n<td><a href=\"https:\/\/hdcmfg.com\/es\/go-kart-sprocket\/\">Pi\u00f1\u00f3n Go Kart<\/a><\/td>\n<td><a href=\"https:\/\/hdcmfg.com\/es\/go-kart-arandelas-y-espaciador\/\">Espaciador de karts<\/a><\/td>\n<td><a href=\"https:\/\/hdcmfg.com\/es\/cubo-de-la-rueda\/\">Cubo de rueda Go Kart<\/a><\/td>\n<td><a href=\"https:\/\/hdcmfg.com\/es\/volantes-kart\/\">Volante de kart<\/a><\/td>\n<td><\/td>\n<td><\/td>\n<td><\/td>\n<\/tr>\n<\/tbody>\n<\/table>\n<form action=\"https:\/\/hdcmfg.wufoo.com\/forms\/qadjrg50uhtzoe\/#public\" enctype=\"multipart\/form-data\" method=\"post\" name=\"form3\"><input id=\"encryptedPassword\" name=\"encryptedPassword\" type=\"hidden\" value=\"\" \/><\/form>","protected":false},"excerpt":{"rendered":"<p>Why Choos HDC to Custom 12L14 Carbon Steel Products HDC has over a decade of experience in the custom metal components field. We possess precision 4-axis and 5-axis machine tools, automated CNC machining centers, and a professional design and production team. We can provide you with various machining processes, including CNC milling, CNC turning, laser [&hellip;]<\/p>\n","protected":false},"author":1,"featured_media":9789,"parent":0,"menu_order":0,"comment_status":"closed","ping_status":"closed","template":"","meta":{"_acf_changed":false,"_seopress_robots_primary_cat":"","_seopress_titles_title":"","_seopress_titles_desc":"HDC is a professional custom metal parts supplier. We offer a variety of material options, including titanium alloys, stainless steel, copper, aluminum alloys, plastics, etc., to best meet your material requirements.","_seopress_robots_index":"","site-sidebar-layout":"no-sidebar","site-content-layout":"page-builder","ast-site-content-layout":"full-width-container","site-content-style":"default","site-sidebar-style":"default","ast-global-header-display":"","ast-banner-title-visibility":"","ast-main-header-display":"","ast-hfb-above-header-display":"","ast-hfb-below-header-display":"","ast-hfb-mobile-header-display":"","site-post-title":"disabled","ast-breadcrumbs-content":"","ast-featured-img":"disabled","footer-sml-layout":"","ast-disable-related-posts":"","theme-transparent-header-meta":"default","adv-header-id-meta":"","stick-header-meta":"default","header-above-stick-meta":"","header-main-stick-meta":"","header-below-stick-meta":"","astra-migrate-meta-layouts":"set","ast-page-background-enabled":"default","ast-page-background-meta":{"desktop":{"background-color":"","background-image":"","background-repeat":"repeat","background-position":"center center","background-size":"auto","background-attachment":"scroll","background-type":"","background-media":"","overlay-type":"","overlay-color":"","overlay-opacity":"","overlay-gradient":""},"tablet":{"background-color":"","background-image":"","background-repeat":"repeat","background-position":"center center","background-size":"auto","background-attachment":"scroll","background-type":"","background-media":"","overlay-type":"","overlay-color":"","overlay-opacity":"","overlay-gradient":""},"mobile":{"background-color":"","background-image":"","background-repeat":"repeat","background-position":"center center","background-size":"auto","background-attachment":"scroll","background-type":"","background-media":"","overlay-type":"","overlay-color":"","overlay-opacity":"","overlay-gradient":""}},"ast-content-background-meta":{"desktop":{"background-color":"var(--ast-global-color-5)","background-image":"","background-repeat":"repeat","background-position":"center center","background-size":"auto","background-attachment":"scroll","background-type":"","background-media":"","overlay-type":"","overlay-color":"","overlay-opacity":"","overlay-gradient":""},"tablet":{"background-color":"var(--ast-global-color-5)","background-image":"","background-repeat":"repeat","background-position":"center center","background-size":"auto","background-attachment":"scroll","background-type":"","background-media":"","overlay-type":"","overlay-color":"","overlay-opacity":"","overlay-gradient":""},"mobile":{"background-color":"var(--ast-global-color-5)","background-image":"","background-repeat":"repeat","background-position":"center center","background-size":"auto","background-attachment":"scroll","background-type":"","background-media":"","overlay-type":"","overlay-color":"","overlay-opacity":"","overlay-gradient":""}},"footnotes":""},"tags":[343],"class_list":["post-13324","page","type-page","status-publish","has-post-thumbnail","hentry","tag-acf-temp"],"acf":[],"_links":{"self":[{"href":"https:\/\/hdcmfg.com\/es\/wp-json\/wp\/v2\/pages\/13324","targetHints":{"allow":["GET"]}}],"collection":[{"href":"https:\/\/hdcmfg.com\/es\/wp-json\/wp\/v2\/pages"}],"about":[{"href":"https:\/\/hdcmfg.com\/es\/wp-json\/wp\/v2\/types\/page"}],"author":[{"embeddable":true,"href":"https:\/\/hdcmfg.com\/es\/wp-json\/wp\/v2\/users\/1"}],"replies":[{"embeddable":true,"href":"https:\/\/hdcmfg.com\/es\/wp-json\/wp\/v2\/comments?post=13324"}],"version-history":[{"count":5,"href":"https:\/\/hdcmfg.com\/es\/wp-json\/wp\/v2\/pages\/13324\/revisions"}],"predecessor-version":[{"id":108738,"href":"https:\/\/hdcmfg.com\/es\/wp-json\/wp\/v2\/pages\/13324\/revisions\/108738"}],"wp:featuredmedia":[{"embeddable":true,"href":"https:\/\/hdcmfg.com\/es\/wp-json\/wp\/v2\/media\/9789"}],"wp:attachment":[{"href":"https:\/\/hdcmfg.com\/es\/wp-json\/wp\/v2\/media?parent=13324"}],"wp:term":[{"taxonomy":"post_tag","embeddable":true,"href":"https:\/\/hdcmfg.com\/es\/wp-json\/wp\/v2\/tags?post=13324"}],"curies":[{"name":"Gracias","href":"https:\/\/api.w.org\/{rel}","templated":true}]}}