{"id":13337,"date":"2023-10-15T08:58:18","date_gmt":"2023-10-15T08:58:18","guid":{"rendered":"https:\/\/hdcmfg.com\/?page_id=13337"},"modified":"2026-03-04T05:34:17","modified_gmt":"2026-03-04T05:34:17","slug":"acier-inoxydable-201","status":"publish","type":"page","link":"https:\/\/hdcmfg.com\/fr\/stainless-steel-201\/","title":{"rendered":"Acier inoxydable 201\u00a0: composition, caract\u00e9ristiques, convention de d\u00e9nomination et applications"},"content":{"rendered":"<p>HDC Manufacturing b\u00e9n\u00e9ficie de plus de dix ans d&#039;exp\u00e9rience dans la fabrication de composants m\u00e9talliques sur mesure. Nous disposons de machines-outils de pr\u00e9cision 4 et 5 axes, de centres d&#039;usinage CNC automatis\u00e9s et d&#039;une \u00e9quipe de conception et de production professionnelle. Nous proposons divers proc\u00e9d\u00e9s d&#039;usinage, tels que le fraisage et le tournage CNC, la d\u00e9coupe laser, la fonderie et bien plus encore, pour r\u00e9aliser vos composants en acier inoxydable 201 avec une pr\u00e9cision irr\u00e9prochable et une ad\u00e9quation parfaite \u00e0 vos exigences sp\u00e9cifiques.<\/p>\n<h2>Aper\u00e7u<\/h2>\n<p>L&#039;acier inoxydable 201 est une alternative \u00e9conomique avec une r\u00e9sistance raisonnable \u00e0 la corrosion. Sa composition comprend du fer, du chrome et du nickel, mais avec des niveaux de chrome et de nickel inf\u00e9rieurs \u00e0 ceux d&#039;autres nuances d&#039;acier inoxydable comme le 304, ce qui entra\u00eene une r\u00e9sistance r\u00e9duite \u00e0 la corrosion. Cet acier est magn\u00e9tique, \u00e9conomique et polyvalent. Il convient parfaitement aux applications int\u00e9rieures, telles que les ustensiles de cuisine, les appareils \u00e9lectrom\u00e9nagers et les syst\u00e8mes d&#039;\u00e9chappement automobiles, o\u00f9 le co\u00fbt est un facteur cl\u00e9. Bien qu&#039;il ne soit pas adapt\u00e9 aux environnements hautement corrosifs, sa formabilit\u00e9 et sa soudabilit\u00e9 le rendent pr\u00e9cieux pour diverses applications soucieuses des co\u00fbts.<img decoding=\"async\" src=\"https:\/\/hdcmfg.com\/wp-content\/uploads\/2024\/02\/201-Stainless-Steel-1.webp\" alt=\"201 acier inoxydable 1\" width=\"1000\" height=\"500\" \/><\/p>\n<h2>Qu&#039;est-ce que l&#039;acier inoxydable 201\u00a0?<\/h2>\n<p>L&#039;acier inoxydable 201 est un alliage d&#039;acier inoxydable aust\u00e9nitique de composition nominale 18-20% (chrome). Il pr\u00e9sente une r\u00e9sistance \u00e0 la corrosion acceptable, une bonne formabilit\u00e9 et un co\u00fbt avantageux. Compos\u00e9 de chrome, de nickel, de mangan\u00e8se et d&#039;azote, cet acier poss\u00e8de une bonne r\u00e9sistance \u00e0 la corrosion, adapt\u00e9e \u00e0 de nombreuses applications, bien qu&#039;inf\u00e9rieure \u00e0 celle des aciers haut de gamme tels que les aciers 304 et 316. Sa grande formabilit\u00e9 en fait une alternative int\u00e9ressante pour le soudage et l&#039;assemblage dans divers secteurs industriels, notamment la construction, l&#039;automobile, la fabrication d&#039;appareils \u00e9lectrom\u00e9nagers et de cuisines. Cependant, les aciers inoxydables duplex ne conviennent pas aux environnements extr\u00eamement corrosifs, qui requi\u00e8rent des aciers inoxydables sp\u00e9cialis\u00e9s de qualit\u00e9 sup\u00e9rieure.<\/p>\n<h2>Pourquoi ce type d&#039;acier inoxydable est-il appel\u00e9 201\u00a0?<img decoding=\"async\" src=\"https:\/\/hdcmfg.com\/wp-content\/uploads\/2024\/02\/201-Stainless-Steel-2.webp\" alt=\"201 acier inoxydable 2\" width=\"1000\" height=\"500\" \/><\/h2>\n<p>L&#039;acier inoxydable 201 est nomm\u00e9 ainsi en raison de sa classification dans le syst\u00e8me de qualit\u00e9 de l&#039;American Iron and Steel Institute (AISI). Les aciers inoxydables de la \u00ab s\u00e9rie 200 \u00bb sont un sous-ensemble des aciers inoxydables aust\u00e9nitiques, et au sein de cette s\u00e9rie, l&#039;acier inoxydable 201 est sp\u00e9cifiquement identifi\u00e9 par le num\u00e9ro \u00ab 201 \u00bb. Cette d\u00e9signation num\u00e9rique sert \u00e0 le diff\u00e9rencier des autres alliages d&#039;acier inoxydable et indique sa composition chimique et ses propri\u00e9t\u00e9s sp\u00e9cifiques.<\/p>\n<h2>Quels sont les crit\u00e8res de classification de l&#039;acier inoxydable\u00a0?<\/h2>\n<p>L&#039;acier inoxydable est class\u00e9 en fonction de sa composition chimique, de sa microstructure et de ses propri\u00e9t\u00e9s physiques, avec des \u00e9l\u00e9ments cl\u00e9s tels que le chrome, le nickel, le carbone et divers \u00e9l\u00e9ments d&#039;alliage comme le mangan\u00e8se et le molybd\u00e8ne. La teneur en chrome, cruciale pour la r\u00e9sistance \u00e0 la corrosion, doit \u00eatre d&#039;au moins 10,5% pour la d\u00e9signation de l&#039;acier inoxydable. Le nickel am\u00e9liore la r\u00e9sistance \u00e0 la corrosion et ajoute de la solidit\u00e9, tandis que le carbone affecte la r\u00e9sistance et la duret\u00e9. Diff\u00e9rentes s\u00e9ries comme la \u00ab s\u00e9rie 200 \u00bb, la \u00ab s\u00e9rie 300 \u00bb et la \u00ab s\u00e9rie 400 \u00bb classent les nuances d&#039;acier inoxydable en fonction de leurs propri\u00e9t\u00e9s. Les organismes de normalisation internationaux comme l&#039;ASTM et l&#039;ISO fournissent des syst\u00e8mes de classification et des sp\u00e9cifications normalis\u00e9s pour les nuances d&#039;acier inoxydable, facilitant ainsi leur utilisation dans diverses industries et applications.<img decoding=\"async\" src=\"https:\/\/hdcmfg.com\/wp-content\/uploads\/2024\/02\/201-Stainless-Steel-3.webp\" alt=\"201 acier inoxydable 3\" width=\"1000\" height=\"500\" \/><\/p>\n<h2>Quelles sont les diff\u00e9rentes qualit\u00e9s d&#039;acier inoxydable\u00a0?<\/h2>\n<p>Les aciers inoxydables sont class\u00e9s en diff\u00e9rentes s\u00e9ries, notamment les aciers aust\u00e9nitiques (nuance 300), ferritiques (nuance 400), martensitiques, duplex et \u00e0 durcissement structural. Les aciers inoxydables aust\u00e9nitiques, tels que les nuances 304 et 316, offrent une excellente r\u00e9sistance \u00e0 la corrosion et une bonne formabilit\u00e9, tandis que les nuances ferritiques, comme la nuance 430, pr\u00e9sentent un magn\u00e9tisme et une grande r\u00e9sistance \u00e0 la corrosion. Les aciers martensitiques, tels que la nuance 410, offrent une r\u00e9sistance m\u00e9canique accrue, mais une r\u00e9sistance \u00e0 la corrosion moindre. Les aciers inoxydables duplex, tels que la nuance 2205, combinent r\u00e9sistance m\u00e9canique et excellente r\u00e9sistance \u00e0 la corrosion gr\u00e2ce \u00e0 leur microstructure mixte. Les nuances \u00e0 durcissement structural de type 17-4 PH peuvent \u00eatre trait\u00e9es thermiquement pour atteindre une haute r\u00e9sistance \u00e0 la traction. Ces diff\u00e9rentes nuances poss\u00e8dent de nombreuses propri\u00e9t\u00e9s adapt\u00e9es \u00e0 diverses applications industrielles\u00a0; elles sont structurelles, r\u00e9sistantes \u00e0 la corrosion et \u00e0 l\u2019usure, et faciles \u00e0 usiner.<\/p>\n<h2>Composition chimique de l&#039;acier inoxydable 201<img decoding=\"async\" src=\"https:\/\/hdcmfg.com\/wp-content\/uploads\/2024\/02\/201-Stainless-Steel-4.webp\" alt=\"201 acier inoxydable 4\" width=\"1000\" height=\"500\" \/><\/h2>\n<table>\n<tbody>\n<tr>\n<td width=\"56.6200%\">\n<p style=\"text-align: center;\"><strong><b>\u00c9l\u00e9ment<\/b><\/strong><\/p>\n<\/td>\n<td width=\"42.2800%\">\n<p style=\"text-align: center;\"><strong><b>Contenu (%)<\/b><\/strong><\/p>\n<\/td>\n<\/tr>\n<tr>\n<td width=\"56.6200%\">\n<p style=\"text-align: center;\">Fer, Fe<\/p>\n<\/td>\n<td style=\"text-align: center;\" width=\"42.2800%\">72<\/td>\n<\/tr>\n<tr>\n<td style=\"text-align: center;\" width=\"56.6200%\">Chrome, Cr<\/td>\n<td width=\"42.2800%\">\n<p style=\"text-align: center;\">16,0 \u2013 18,0<\/p>\n<\/td>\n<\/tr>\n<tr>\n<td width=\"56.6200%\">\n<p style=\"text-align: center;\">Mangan\u00e8se, Mn<\/p>\n<\/td>\n<td style=\"text-align: center;\" width=\"42.2800%\">5,50 \u2013 7,50<\/td>\n<\/tr>\n<tr>\n<td style=\"text-align: center;\" width=\"56.6200%\">Nickel, Ni<\/td>\n<td width=\"42.2800%\">\n<p style=\"text-align: center;\">3,50 \u2013 5,50<\/p>\n<\/td>\n<\/tr>\n<tr>\n<td width=\"56.6200%\">\n<p style=\"text-align: center;\">Silicium, Si<\/p>\n<\/td>\n<td style=\"text-align: center;\" width=\"42.2800%\">1.0<\/td>\n<\/tr>\n<tr>\n<td style=\"text-align: center;\" width=\"56.6200%\">Azote, N<\/td>\n<td width=\"42.2800%\">\n<p style=\"text-align: center;\">0.25<\/p>\n<\/td>\n<\/tr>\n<tr>\n<td width=\"56.6200%\">\n<p style=\"text-align: center;\">Carbone, C<\/p>\n<\/td>\n<td width=\"42.2800%\">\n<p style=\"text-align: center;\">0.15<\/p>\n<\/td>\n<\/tr>\n<\/tbody>\n<\/table>\n<h2>L&#039;influence de divers \u00e9l\u00e9ments sur les propri\u00e9t\u00e9s de l&#039;acier inoxydable 201<img decoding=\"async\" src=\"https:\/\/hdcmfg.com\/wp-content\/uploads\/2024\/02\/201-Stainless-Steel-5.webp\" alt=\"201 acier inoxydable 5\" width=\"1000\" height=\"500\" \/><\/h2>\n<p>Les caract\u00e9ristiques de l&#039;acier inoxydable 201 d\u00e9pendent des \u00e9l\u00e9ments d&#039;alliage, tels que le chrome qui lui conf\u00e8re une r\u00e9sistance \u00e0 la corrosion, le nickel pour sa ductilit\u00e9 et sa t\u00e9nacit\u00e9, et le mangan\u00e8se pour sa r\u00e9sistance m\u00e9canique. L&#039;azote est essentiel au renforcement du mat\u00e9riau gr\u00e2ce \u00e0 sa pr\u00e9sence en tant qu&#039;\u00e9l\u00e9ment d&#039;alliage. Le carbone influe sur la duret\u00e9 et la r\u00e9sistance m\u00e9canique, tandis que le silicium offre une r\u00e9sistance \u00e0 l&#039;oxydation et \u00e0 la formation de calamine, notamment \u00e0 haute temp\u00e9rature. D&#039;autres \u00e9l\u00e9ments mineurs, comme le soufre, le phosphore et le cuivre, peuvent \u00e9galement \u00eatre utilis\u00e9s \u00e0 d&#039;autres fins. L&#039;acier inoxydable de nuance 201 pr\u00e9sente une r\u00e9sistance \u00e0 la corrosion mod\u00e9r\u00e9e, une bonne formabilit\u00e9 et des propri\u00e9t\u00e9s m\u00e9caniques parfaitement adapt\u00e9es \u00e0 diverses applications, ne n\u00e9cessitant pas l&#039;utilisation d&#039;aciers inoxydables plus on\u00e9reux.<\/p>\n<h2>Propri\u00e9t\u00e9s physiques de l&#039;acier inoxydable 201<\/h2>\n<table>\n<tbody>\n<tr>\n<td width=\"31.3400%\">\n<p style=\"text-align: center;\"><strong><b>Propri\u00e9t\u00e9s<\/b><\/strong><\/p>\n<\/td>\n<td style=\"text-align: center;\" width=\"32.9600%\"><strong><b>M\u00e9trique<\/b><\/strong><\/td>\n<td width=\"34.2400%\">\n<p style=\"text-align: center;\"><strong><b>Imp\u00e9rial<\/b><\/strong><\/p>\n<\/td>\n<\/tr>\n<tr>\n<td width=\"31.3400%\">\n<p style=\"text-align: center;\">Densit\u00e9<\/p>\n<\/td>\n<td style=\"text-align: center;\" width=\"32.9600%\">7,86 g\/cm3<\/td>\n<td width=\"34.2400%\">\n<p style=\"text-align: center;\">0,284 lb\/po\u00b3<\/p>\n<\/td>\n<\/tr>\n<\/tbody>\n<\/table>\n<h2>Propri\u00e9t\u00e9s m\u00e9caniques de l&#039;acier inoxydable 201<img decoding=\"async\" src=\"https:\/\/hdcmfg.com\/wp-content\/uploads\/2024\/02\/201-Stainless-Steel-6.webp\" alt=\"201 acier inoxydable 6\" width=\"1000\" height=\"500\" \/><\/h2>\n<table>\n<tbody>\n<tr>\n<td width=\"71.8400%\">\n<p style=\"text-align: center;\"><strong><b>Propri\u00e9t\u00e9s<\/b><\/strong><\/p>\n<\/td>\n<td style=\"text-align: center;\" width=\"12.4600%\"><strong><b>M\u00e9trique<\/b><\/strong><\/td>\n<td style=\"text-align: center;\" width=\"14.2400%\"><strong><b>Imp\u00e9rial<\/b><\/strong><\/td>\n<\/tr>\n<tr>\n<td style=\"text-align: center;\" width=\"71.8400%\">R\u00e9sistance \u00e0 la traction (transversale \u00e0 temp\u00e9rature ambiante)<\/td>\n<td style=\"text-align: center;\" width=\"12.4600%\">685 MPa<\/td>\n<td width=\"14.2400%\">\n<p style=\"text-align: center;\">99\u00a0400 livres par pouce carr\u00e9<\/p>\n<\/td>\n<\/tr>\n<tr>\n<td width=\"71.8400%\">\n<p style=\"text-align: center;\">R\u00e9sistance \u00e0 la traction (longitudinale \u00e0 temp\u00e9rature ambiante)<\/p>\n<\/td>\n<td style=\"text-align: center;\" width=\"12.4600%\">696 MPa<\/td>\n<td style=\"text-align: center;\" width=\"14.2400%\">101 000 livres par pouce carr\u00e9<\/td>\n<\/tr>\n<tr>\n<td style=\"text-align: center;\" width=\"71.8400%\">Limite d&#039;\u00e9lasticit\u00e9 (transversale \u00e0 temp\u00e9rature ambiante)<\/td>\n<td style=\"text-align: center;\" width=\"12.4600%\">292 MPa<\/td>\n<td width=\"14.2400%\">\n<p style=\"text-align: center;\">42 400 livres par pouce carr\u00e9<\/p>\n<\/td>\n<\/tr>\n<tr>\n<td width=\"71.8400%\">\n<p style=\"text-align: center;\">Limite d&#039;\u00e9lasticit\u00e9 (longitudinale \u00e0 temp\u00e9rature ambiante)<\/p>\n<\/td>\n<td style=\"text-align: center;\" width=\"12.4600%\">301 MPa<\/td>\n<td style=\"text-align: center;\" width=\"14.2400%\">43 700 livres par pouce carr\u00e9<\/td>\n<\/tr>\n<tr>\n<td style=\"text-align: center;\" width=\"71.8400%\">Limite d&#039;\u00e9lasticit\u00e9 \u00e0 la compression<\/td>\n<td style=\"text-align: center;\" width=\"12.4600%\">365 MPa<\/td>\n<td width=\"14.2400%\">\n<p style=\"text-align: center;\">52900 livres par pouce carr\u00e9<\/p>\n<\/td>\n<\/tr>\n<tr>\n<td width=\"71.8400%\">\n<p style=\"text-align: center;\">Module d&#039;\u00e9lasticit\u00e9<\/p>\n<\/td>\n<td style=\"text-align: center;\" width=\"12.4600%\">197 GPa<\/td>\n<td style=\"text-align: center;\" width=\"14.2400%\">28573 ksi<\/td>\n<\/tr>\n<tr>\n<td style=\"text-align: center;\" width=\"71.8400%\">Coefficient de Poisson<\/td>\n<td style=\"text-align: center;\" width=\"12.4600%\">0.27-0.30<\/td>\n<td width=\"14.2400%\">\n<p style=\"text-align: center;\">0.27-0.30<\/p>\n<\/td>\n<\/tr>\n<tr>\n<td width=\"71.8400%\">\n<p style=\"text-align: center;\">Allongement \u00e0 la rupture (longitudinal \u00e0 temp\u00e9rature ambiante)<\/p>\n<\/td>\n<td style=\"text-align: center;\" width=\"12.4600%\">56%<\/td>\n<td style=\"text-align: center;\" width=\"14.2400%\">56%<\/td>\n<\/tr>\n<tr>\n<td style=\"text-align: center;\" width=\"71.8400%\">Allongement \u00e0 la rupture (transversal \u00e0 temp\u00e9rature ambiante)<\/td>\n<td style=\"text-align: center;\" width=\"12.4600%\">62.50%<\/td>\n<td width=\"14.2400%\">\n<p style=\"text-align: center;\">62.50%<\/p>\n<\/td>\n<\/tr>\n<tr>\n<td width=\"71.8400%\">\n<p style=\"text-align: center;\">Duret\u00e9, Rockwell B (transversale \u00e0 temp\u00e9rature ambiante)<\/p>\n<\/td>\n<td style=\"text-align: center;\" width=\"12.4600%\">85<\/td>\n<td style=\"text-align: center;\" width=\"14.2400%\">85<\/td>\n<\/tr>\n<tr>\n<td style=\"text-align: center;\" width=\"71.8400%\">Duret\u00e9, Rockwell B (longitudinale \u00e0 temp\u00e9rature ambiante)<\/td>\n<td style=\"text-align: center;\" width=\"12.4600%\">85<\/td>\n<td width=\"14.2400%\">\n<p style=\"text-align: center;\">85<\/p>\n<\/td>\n<\/tr>\n<\/tbody>\n<\/table>\n<h2>Propri\u00e9t\u00e9s thermiques de l&#039;acier inoxydable 201<img decoding=\"async\" src=\"https:\/\/hdcmfg.com\/wp-content\/uploads\/2024\/02\/201-Stainless-Steel-7.webp\" alt=\"201 acier inoxydable 7\" width=\"1000\" height=\"500\" \/><\/h2>\n<table>\n<tbody>\n<tr>\n<td width=\"61.2800%\">\n<p style=\"text-align: center;\"><strong><b>Propri\u00e9t\u00e9s<\/b><\/strong><\/p>\n<\/td>\n<td style=\"text-align: center;\" width=\"15.1800%\"><strong><b>M\u00e9trique<\/b><\/strong><\/td>\n<td style=\"text-align: center;\" width=\"22.0800%\"><strong><b>Imp\u00e9rial<\/b><\/strong><\/td>\n<\/tr>\n<tr>\n<td style=\"text-align: center;\" width=\"61.2800%\">Coefficient de dilatation thermique (@ 20-100\u00b0C\/68-212\u00b0F)<\/td>\n<td style=\"text-align: center;\" width=\"15.1800%\">16,6 \u00b5m\/m\u00b0C<\/td>\n<td width=\"22.0800%\">\n<p style=\"text-align: center;\">9,22 \u00b5po\/po\u00b0F<\/p>\n<\/td>\n<\/tr>\n<tr>\n<td width=\"61.2800%\">\n<p style=\"text-align: center;\">Conductivit\u00e9 thermique (@ 100\u00b0C\/212\u00b0F)<\/p>\n<\/td>\n<td style=\"text-align: center;\" width=\"15.1800%\">16,3 W\/mK<\/td>\n<td width=\"22.0800%\">\n<p style=\"text-align: center;\">113 BTU po\/h.pi\u00b2.\u00b0F<\/p>\n<\/td>\n<\/tr>\n<\/tbody>\n<\/table>\n<h2>D\u00e9fis rencontr\u00e9s dans le traitement de l&#039;acier inoxydable 201<\/h2>\n<p>La mise en \u0153uvre de l&#039;acier inoxydable 201 est complexe en raison de sa faible r\u00e9sistance \u00e0 la corrosion, de sa propension \u00e0 un \u00e9crouissage rapide induit par le travail \u00e0 froid et de sa moindre usinabilit\u00e9 compar\u00e9e \u00e0 d&#039;autres aciers inoxydables. Le respect des exigences en mati\u00e8re de finition de surface et de formabilit\u00e9, tout en ma\u00eetrisant les co\u00fbts des mat\u00e9riaux, constitue un autre point crucial. De plus, la soudabilit\u00e9 requiert une s\u00e9quence appropri\u00e9e de pr\u00e9chauffage et de traitement thermique apr\u00e8s soudage. Par ailleurs, la compatibilit\u00e9 avec certains environnements doit \u00eatre \u00e9valu\u00e9e au pr\u00e9alable. Bien qu&#039;il s&#039;agisse d&#039;une option \u00e9conomique, la prise en compte des propri\u00e9t\u00e9s du mat\u00e9riau, des techniques de mise en \u0153uvre et des mesures de contr\u00f4le qualit\u00e9 a un impact sur la production et doit \u00eatre abord\u00e9e avec soin.<img decoding=\"async\" src=\"https:\/\/hdcmfg.com\/wp-content\/uploads\/2024\/02\/201-Stainless-Steel-8.webp\" alt=\"201 acier inoxydable 8\" width=\"1000\" height=\"500\" \/><\/p>\n<h2>Applications de l&#039;acier inoxydable 201<\/h2>\n<p>L&#039;acier inoxydable 201 est utilis\u00e9 dans divers domaines gr\u00e2ce \u00e0 ses propri\u00e9t\u00e9s sp\u00e9cifiques. Tr\u00e8s pris\u00e9 dans la fabrication d&#039;ustensiles et d&#039;appareils de cuisine, il se distingue par sa bonne r\u00e9sistance \u00e0 la corrosion et son faible co\u00fbt, ce qui le rend id\u00e9al pour la pr\u00e9paration des aliments. Il entre \u00e9galement dans la composition de l&#039;automobile, notamment pour les syst\u00e8mes d&#039;\u00e9chappement et les garnitures, o\u00f9 la r\u00e9sistance \u00e0 la corrosion et l&#039;esth\u00e9tique sont primordiales. Dans le b\u00e2timent, l&#039;acier inoxydable 201 est utilis\u00e9 pour la d\u00e9coration, les ornements architecturaux et les \u00e9l\u00e9ments de structure, lorsque sa r\u00e9sistance \u00e0 la corrosion est suffisante. Son prix abordable lui conf\u00e8re une grande polyvalence, permettant la fabrication de multiples produits tels que des \u00e9tag\u00e8res, du mobilier et de la signal\u00e9tique. Cependant, son utilisation est limit\u00e9e dans les environnements aqueux ou tr\u00e8s corrosifs o\u00f9, compar\u00e9 aux aciers inoxydables de haute qualit\u00e9, sa durabilit\u00e9 est moindre.<\/p>\n<h2>Mat\u00e9riaux \u00e9quivalents \u00e0 l&#039;acier inoxydable 201<\/h2>\n<table>\n<tbody>\n<tr>\n<td width=\"47.1800%\">\n<p style=\"text-align: center;\"><strong><b>EUEN<\/b><\/strong><\/p>\n<\/td>\n<td style=\"text-align: center;\" width=\"8.6800%\"><strong><b>ETATS-UNIS-<\/b><\/strong><\/td>\n<td style=\"text-align: center;\" width=\"14.1000%\"><strong><b>JaponJIS<\/b><\/strong><\/td>\n<td style=\"text-align: center;\" width=\"28.2000%\"><strong><b>FranceAFNOR<\/b><\/strong><\/td>\n<\/tr>\n<tr>\n<td style=\"text-align: center;\" width=\"47.1800%\">X12CrMnNiN17-7-5 (1,4372)<\/td>\n<td style=\"text-align: center;\" width=\"8.6800%\">201<\/td>\n<td style=\"text-align: center;\" width=\"14.1000%\">SUS201<\/td>\n<td width=\"28.2000%\">\n<p style=\"text-align: center;\">Z12CMN17-07Az<\/p>\n<\/td>\n<\/tr>\n<\/tbody>\n<\/table>\n<p>&nbsp;<\/p>","protected":false},"excerpt":{"rendered":"<p>HDC Manufacturing has over a decade of experience in the custom metal components field. We possess precision 4-axis and 5-axis machine tools, automated CNC machining centers, and a professional design and production team. We can provide you with various machining processes, including CNC milling, CNC turning, laser cutting, metal casting, and more, to craft your [&hellip;]<\/p>\n","protected":false},"author":1,"featured_media":14885,"parent":0,"menu_order":0,"comment_status":"closed","ping_status":"closed","template":"","meta":{"_acf_changed":false,"_seopress_robots_primary_cat":"","_seopress_titles_title":"Stainless Steel 201: Composition, Characteristics, Naming Convention, and Applications","_seopress_titles_desc":"HDC Manufacturing is a professional custom metal parts supplier. We offer a variety of material options, including titanium alloys, stainless steel, copper, aluminum alloys, plastics, etc., to best meet your material requirements.","_seopress_robots_index":"","site-sidebar-layout":"no-sidebar","site-content-layout":"page-builder","ast-site-content-layout":"full-width-container","site-content-style":"default","site-sidebar-style":"default","ast-global-header-display":"","ast-banner-title-visibility":"","ast-main-header-display":"","ast-hfb-above-header-display":"","ast-hfb-below-header-display":"","ast-hfb-mobile-header-display":"","site-post-title":"","ast-breadcrumbs-content":"disabled","ast-featured-img":"","footer-sml-layout":"","ast-disable-related-posts":"","theme-transparent-header-meta":"default","adv-header-id-meta":"","stick-header-meta":"default","header-above-stick-meta":"","header-main-stick-meta":"","header-below-stick-meta":"","astra-migrate-meta-layouts":"set","ast-page-background-enabled":"default","ast-page-background-meta":{"desktop":{"background-color":"","background-image":"","background-repeat":"repeat","background-position":"center center","background-size":"auto","background-attachment":"scroll","background-type":"","background-media":"","overlay-type":"","overlay-color":"","overlay-opacity":"","overlay-gradient":""},"tablet":{"background-color":"","background-image":"","background-repeat":"repeat","background-position":"center center","background-size":"auto","background-attachment":"scroll","background-type":"","background-media":"","overlay-type":"","overlay-color":"","overlay-opacity":"","overlay-gradient":""},"mobile":{"background-color":"","background-image":"","background-repeat":"repeat","background-position":"center center","background-size":"auto","background-attachment":"scroll","background-type":"","background-media":"","overlay-type":"","overlay-color":"","overlay-opacity":"","overlay-gradient":""}},"ast-content-background-meta":{"desktop":{"background-color":"var(--ast-global-color-5)","background-image":"","background-repeat":"repeat","background-position":"center center","background-size":"auto","background-attachment":"scroll","background-type":"","background-media":"","overlay-type":"","overlay-color":"","overlay-opacity":"","overlay-gradient":""},"tablet":{"background-color":"var(--ast-global-color-5)","background-image":"","background-repeat":"repeat","background-position":"center center","background-size":"auto","background-attachment":"scroll","background-type":"","background-media":"","overlay-type":"","overlay-color":"","overlay-opacity":"","overlay-gradient":""},"mobile":{"background-color":"var(--ast-global-color-5)","background-image":"","background-repeat":"repeat","background-position":"center center","background-size":"auto","background-attachment":"scroll","background-type":"","background-media":"","overlay-type":"","overlay-color":"","overlay-opacity":"","overlay-gradient":""}},"footnotes":""},"tags":[343],"class_list":["post-13337","page","type-page","status-publish","has-post-thumbnail","hentry","tag-acf-temp"],"acf":[],"_links":{"self":[{"href":"https:\/\/hdcmfg.com\/fr\/wp-json\/wp\/v2\/pages\/13337","targetHints":{"allow":["GET"]}}],"collection":[{"href":"https:\/\/hdcmfg.com\/fr\/wp-json\/wp\/v2\/pages"}],"about":[{"href":"https:\/\/hdcmfg.com\/fr\/wp-json\/wp\/v2\/types\/page"}],"author":[{"embeddable":true,"href":"https:\/\/hdcmfg.com\/fr\/wp-json\/wp\/v2\/users\/1"}],"replies":[{"embeddable":true,"href":"https:\/\/hdcmfg.com\/fr\/wp-json\/wp\/v2\/comments?post=13337"}],"version-history":[{"count":3,"href":"https:\/\/hdcmfg.com\/fr\/wp-json\/wp\/v2\/pages\/13337\/revisions"}],"predecessor-version":[{"id":103377,"href":"https:\/\/hdcmfg.com\/fr\/wp-json\/wp\/v2\/pages\/13337\/revisions\/103377"}],"wp:featuredmedia":[{"embeddable":true,"href":"https:\/\/hdcmfg.com\/fr\/wp-json\/wp\/v2\/media\/14885"}],"wp:attachment":[{"href":"https:\/\/hdcmfg.com\/fr\/wp-json\/wp\/v2\/media?parent=13337"}],"wp:term":[{"taxonomy":"post_tag","embeddable":true,"href":"https:\/\/hdcmfg.com\/fr\/wp-json\/wp\/v2\/tags?post=13337"}],"curies":[{"name":"wp","href":"https:\/\/api.w.org\/{rel}","templated":true}]}}