{"id":4169,"date":"2021-07-08T08:03:36","date_gmt":"2021-07-08T08:03:36","guid":{"rendered":"https:\/\/hdcmfg.com\/?page_id=4169"},"modified":"2021-07-14T14:52:40","modified_gmt":"2021-07-14T14:52:40","slug":"paiement","status":"publish","type":"page","link":"https:\/\/hdcmfg.com\/fr\/payment\/","title":{"rendered":"Paiement"},"content":{"rendered":"<p><img decoding=\"async\" class=\"alignnone size-full wp-image-4191\" src=\"https:\/\/hdcmfg.com\/wp-content\/uploads\/2021\/07\/Payment.jpg\" alt=\"Terme de paiement HDC\" width=\"800\" height=\"534\" srcset=\"https:\/\/hdcmfg.com\/wp-content\/uploads\/2021\/07\/Payment.jpg 800w, https:\/\/hdcmfg.com\/wp-content\/uploads\/2021\/07\/Payment-768x513.jpg 768w\" sizes=\"(max-width: 800px) 100vw, 800px\" \/><\/p>\n<p>Nous avons diff\u00e9rents paiements pour votre commodit\u00e9<\/p>\n<ol>\n<li>L\/C<\/li>\n<li>D\/P<\/li>\n<li>Virement bancaire<\/li>\n<li>Pay Pal<\/li>\n<\/ol>\n<p>G\u00e9n\u00e9ralement, nous demandons un acompte 30% pour d\u00e9marrer le projet, et le solde doit \u00eatre pay\u00e9 lors de la premi\u00e8re transaction, \u00e9galement le cr\u00e9dit peut \u00eatre discut\u00e9 si de bons enregistrements.<\/p>","protected":false},"excerpt":{"rendered":"<p>Nous avons diff\u00e9rents paiements pour votre commodit\u00e9 Virement bancaire L\/CD\/P Paypal G\u00e9n\u00e9ralement, nous avons besoin d&#039;un d\u00e9p\u00f4t 30% pour d\u00e9marrer le projet, et le solde doit \u00eatre pay\u00e9 lors de la premi\u00e8re transaction, \u00e9galement le cr\u00e9dit peut \u00eatre discut\u00e9 si de bons enregistrements.<\/p>","protected":false},"author":1,"featured_media":0,"parent":0,"menu_order":0,"comment_status":"closed","ping_status":"closed","template":"","meta":{"_acf_changed":false,"_seopress_robots_primary_cat":"","_seopress_titles_title":"","_seopress_titles_desc":"","_seopress_robots_index":"","site-sidebar-layout":"default","site-content-layout":"default","ast-site-content-layout":"default","site-content-style":"default","site-sidebar-style":"default","ast-global-header-display":"","ast-banner-title-visibility":"","ast-main-header-display":"","ast-hfb-above-header-display":"","ast-hfb-below-header-display":"","ast-hfb-mobile-header-display":"","site-post-title":"","ast-breadcrumbs-content":"","ast-featured-img":"","footer-sml-layout":"","ast-disable-related-posts":"","theme-transparent-header-meta":"default","adv-header-id-meta":"","stick-header-meta":"default","header-above-stick-meta":"","header-main-stick-meta":"","header-below-stick-meta":"","astra-migrate-meta-layouts":"default","ast-page-background-enabled":"default","ast-page-background-meta":{"desktop":{"background-color":"","background-image":"","background-repeat":"repeat","background-position":"center center","background-size":"auto","background-attachment":"scroll","background-type":"","background-media":"","overlay-type":"","overlay-color":"","overlay-opacity":"","overlay-gradient":""},"tablet":{"background-color":"","background-image":"","background-repeat":"repeat","background-position":"center center","background-size":"auto","background-attachment":"scroll","background-type":"","background-media":"","overlay-type":"","overlay-color":"","overlay-opacity":"","overlay-gradient":""},"mobile":{"background-color":"","background-image":"","background-repeat":"repeat","background-position":"center center","background-size":"auto","background-attachment":"scroll","background-type":"","background-media":"","overlay-type":"","overlay-color":"","overlay-opacity":"","overlay-gradient":""}},"ast-content-background-meta":{"desktop":{"background-color":"var(--ast-global-color-5)","background-image":"","background-repeat":"repeat","background-position":"center center","background-size":"auto","background-attachment":"scroll","background-type":"","background-media":"","overlay-type":"","overlay-color":"","overlay-opacity":"","overlay-gradient":""},"tablet":{"background-color":"var(--ast-global-color-5)","background-image":"","background-repeat":"repeat","background-position":"center center","background-size":"auto","background-attachment":"scroll","background-type":"","background-media":"","overlay-type":"","overlay-color":"","overlay-opacity":"","overlay-gradient":""},"mobile":{"background-color":"var(--ast-global-color-5)","background-image":"","background-repeat":"repeat","background-position":"center center","background-size":"auto","background-attachment":"scroll","background-type":"","background-media":"","overlay-type":"","overlay-color":"","overlay-opacity":"","overlay-gradient":""}},"footnotes":""},"tags":[],"class_list":["post-4169","page","type-page","status-publish","hentry"],"acf":[],"_links":{"self":[{"href":"https:\/\/hdcmfg.com\/fr\/wp-json\/wp\/v2\/pages\/4169","targetHints":{"allow":["GET"]}}],"collection":[{"href":"https:\/\/hdcmfg.com\/fr\/wp-json\/wp\/v2\/pages"}],"about":[{"href":"https:\/\/hdcmfg.com\/fr\/wp-json\/wp\/v2\/types\/page"}],"author":[{"embeddable":true,"href":"https:\/\/hdcmfg.com\/fr\/wp-json\/wp\/v2\/users\/1"}],"replies":[{"embeddable":true,"href":"https:\/\/hdcmfg.com\/fr\/wp-json\/wp\/v2\/comments?post=4169"}],"version-history":[{"count":0,"href":"https:\/\/hdcmfg.com\/fr\/wp-json\/wp\/v2\/pages\/4169\/revisions"}],"wp:attachment":[{"href":"https:\/\/hdcmfg.com\/fr\/wp-json\/wp\/v2\/media?parent=4169"}],"wp:term":[{"taxonomy":"post_tag","embeddable":true,"href":"https:\/\/hdcmfg.com\/fr\/wp-json\/wp\/v2\/tags?post=4169"}],"curies":[{"name":"wp","href":"https:\/\/api.w.org\/{rel}","templated":true}]}}