{"id":8434,"date":"2022-11-19T08:03:53","date_gmt":"2022-11-19T08:03:53","guid":{"rendered":"https:\/\/hdcmfg.com\/?page_id=8434"},"modified":"2026-03-17T09:08:50","modified_gmt":"2026-03-17T09:08:50","slug":"ressorts-de-kart","status":"publish","type":"page","link":"https:\/\/hdcmfg.com\/fr\/go-kart-springs\/","title":{"rendered":"Go Kart Springs"},"content":{"rendered":"<div data-elementor-type=\"wp-page\" data-elementor-id=\"8434\" class=\"elementor elementor-8434\" data-elementor-post-type=\"page\">\n\t\t\t\t<div class=\"elementor-element elementor-element-19151ef e-grid e-con-boxed e-con e-parent\" data-id=\"19151ef\" data-element_type=\"container\" data-e-type=\"container\" data-settings=\"{&quot;background_background&quot;:&quot;gradient&quot;}\">\n\t\t\t\t\t<div class=\"e-con-inner\">\n\t\t<div class=\"elementor-element elementor-element-9fc536b e-con-full e-flex e-con e-child\" data-id=\"9fc536b\" data-element_type=\"container\" data-e-type=\"container\">\n\t\t\t\t<div class=\"elementor-element elementor-element-604a48d elementor-widget-tablet__width-inherit elementor-widget-mobile__width-inherit elementor-widget__width-initial elementor-widget elementor-widget-heading\" data-id=\"604a48d\" data-element_type=\"widget\" data-e-type=\"widget\" data-widget_type=\"heading.default\">\n\t\t\t\t<div class=\"elementor-widget-container\">\n\t\t\t\t\t<h1 class=\"elementor-heading-title elementor-size-default\">Go Kart Springs<\/h1>\t\t\t\t<\/div>\n\t\t\t\t<\/div>\n\t\t\t\t<div class=\"elementor-element elementor-element-dc396a4 elementor-widget elementor-widget-html\" data-id=\"dc396a4\" data-element_type=\"widget\" data-e-type=\"widget\" data-widget_type=\"html.default\">\n\t\t\t\t<div class=\"elementor-widget-container\">\n\t\t\t\t\t<p class=\"divider-perfect\">\t\t\t\t<\/div>\n\t\t\t\t<\/div>\n\t\t\t\t<div class=\"elementor-element elementor-element-d287025 elementor-widget__width-initial elementor-widget-tablet__width-inherit elementor-widget-mobile__width-inherit elementor-widget elementor-widget-text-editor\" data-id=\"d287025\" data-element_type=\"widget\" data-e-type=\"widget\" data-widget_type=\"text-editor.default\">\n\t\t\t\t<div class=\"elementor-widget-container\">\n\t\t\t\t\t\t\t\t\t<p>Nos ressorts de karting de haute qualit\u00e9 sont fabriqu\u00e9s soit en AISI <a href=\"https:\/\/hdcmfg.com\/fr\/usinage-de-lacier-au-carbone-1045\/\">1045 <\/a>ou en acier inoxydable, des mat\u00e9riaux qui offrent une excellente r\u00e9sistance et durabilit\u00e9.\u00a0<\/p>\n<p>Les ressorts en acier inoxydable sont constitu\u00e9s de <a href=\"https:\/\/hdcmfg.com\/fr\/usinage-de-lacier-inoxydable-304\/\">acier inoxydable 304<\/a>, tr\u00e8s r\u00e9sistant \u00e0 la corrosion<\/p>\n<p>Les ressorts en acier galvanis\u00e9 augmentent \u00e9galement leur dur\u00e9e de vie, garantissant qu&#039;ils offrent des performances fiables sur de longues p\u00e9riodes d&#039;utilisation.<\/p>\n<p>Ainsi, que vous cherchiez \u00e0 am\u00e9liorer la suspension de votre kart ou que vous ayez simplement besoin de remplacer des ressorts us\u00e9s, nos produits sont un excellent choix.\u00a0<\/p>\n<p>Envoyez un e-mail maintenant et d\u00e9couvrez la qualit\u00e9 et les performances durables des ressorts de kart HDC.<\/p>\t\t\t\t\t\t\t\t<\/div>\n\t\t\t\t<\/div>\n\t\t<div class=\"elementor-element elementor-element-5d73f8d e-con-full e-flex e-con e-child\" data-id=\"5d73f8d\" data-element_type=\"container\" data-e-type=\"container\">\n\t\t\t\t<div class=\"elementor-element elementor-element-1d589ad elementor-widget elementor-widget-button\" data-id=\"1d589ad\" data-element_type=\"widget\" data-e-type=\"widget\" data-widget_type=\"button.default\">\n\t\t\t\t<div class=\"elementor-widget-container\">\n\t\t\t\t\t\t\t\t\t<div class=\"elementor-button-wrapper\">\n\t\t\t\t\t<a class=\"elementor-button elementor-button-link elementor-size-sm\" href=\"https:\/\/hdcmfg.com\/fr\/devis-pour-vos-produits-personnalises\/\">\n\t\t\t\t\t\t<span class=\"elementor-button-content-wrapper\">\n\t\t\t\t\t\t\t\t\t<span class=\"elementor-button-text\">Demander un devis<\/span>\n\t\t\t\t\t<\/span>\n\t\t\t\t\t<\/a>\n\t\t\t\t<\/div>\n\t\t\t\t\t\t\t\t<\/div>\n\t\t\t\t<\/div>\n\t\t\t\t<div class=\"elementor-element elementor-element-2adac4a elementor-widget elementor-widget-button\" data-id=\"2adac4a\" data-element_type=\"widget\" data-e-type=\"widget\" data-widget_type=\"button.default\">\n\t\t\t\t<div class=\"elementor-widget-container\">\n\t\t\t\t\t\t\t\t\t<div class=\"elementor-button-wrapper\">\n\t\t\t\t\t<a class=\"elementor-button elementor-button-link elementor-size-sm\" href=\"#service\">\n\t\t\t\t\t\t<span class=\"elementor-button-content-wrapper\">\n\t\t\t\t\t\t\t\t\t<span class=\"elementor-button-text\">Apprendre encore plus<\/span>\n\t\t\t\t\t<\/span>\n\t\t\t\t\t<\/a>\n\t\t\t\t<\/div>\n\t\t\t\t\t\t\t\t<\/div>\n\t\t\t\t<\/div>\n\t\t\t\t<\/div>\n\t\t\t\t<\/div>\n\t\t\t\t<div class=\"elementor-element elementor-element-722d853 elementor-pagination-position-inside image-carousel-style elementor-arrows-position-inside elementor-widget elementor-widget-image-carousel\" data-id=\"722d853\" data-element_type=\"widget\" data-e-type=\"widget\" data-settings=\"{&quot;slides_to_show&quot;:&quot;1&quot;,&quot;navigation&quot;:&quot;both&quot;,&quot;autoplay&quot;:&quot;yes&quot;,&quot;pause_on_hover&quot;:&quot;yes&quot;,&quot;pause_on_interaction&quot;:&quot;yes&quot;,&quot;autoplay_speed&quot;:5000,&quot;infinite&quot;:&quot;yes&quot;,&quot;effect&quot;:&quot;slide&quot;,&quot;speed&quot;:500}\" data-widget_type=\"image-carousel.default\">\n\t\t\t\t<div class=\"elementor-widget-container\">\n\t\t\t\t\t\t\t<div class=\"elementor-image-carousel-wrapper swiper\" role=\"region\" aria-roledescription=\"carousel\" aria-label=\"Carrousel d&#039;images\" dir=\"ltr\">\n\t\t\t<div class=\"elementor-image-carousel swiper-wrapper swiper-image-stretch\" aria-live=\"off\">\n\t\t\t\t\t\t\t\t<div class=\"swiper-slide\" role=\"group\" aria-roledescription=\"slide\" aria-label=\"1 sur 3\"><figure class=\"swiper-slide-inner\"><img decoding=\"async\" class=\"swiper-slide-image\" src=\"https:\/\/hdcmfg.com\/wp-content\/uploads\/2022\/11\/go-kart-exhaust-spring.png\" alt=\"go kart ressort d&#039;\u00e9chappement\" \/><\/figure><\/div><div class=\"swiper-slide\" role=\"group\" aria-roledescription=\"slide\" aria-label=\"2 sur 3\"><figure class=\"swiper-slide-inner\"><img decoding=\"async\" class=\"swiper-slide-image\" src=\"https:\/\/hdcmfg.com\/wp-content\/uploads\/2022\/11\/go-kart-springs.png\" alt=\"go kart ressorts\" \/><\/figure><\/div><div class=\"swiper-slide\" role=\"group\" aria-roledescription=\"slide\" aria-label=\"3 sur 3\"><figure class=\"swiper-slide-inner\"><img decoding=\"async\" class=\"swiper-slide-image\" src=\"https:\/\/hdcmfg.com\/wp-content\/uploads\/2022\/11\/karing-springs.png\" alt=\"sources de karing\" \/><\/figure><\/div>\t\t\t<\/div>\n\t\t\t\t\t\t\t\t\t\t\t\t<div class=\"elementor-swiper-button elementor-swiper-button-prev\" role=\"button\" tabindex=\"0\">\n\t\t\t\t\t\t<svg aria-hidden=\"true\" class=\"e-font-icon-svg e-eicon-chevron-left\" viewbox=\"0 0 1000 1000\" xmlns=\"http:\/\/www.w3.org\/2000\/svg\"><path d=\"M646 125C629 125 613 133 604 142L308 442C296 454 292 471 292 487 292 504 296 521 308 533L604 854C617 867 629 875 646 875 663 875 679 871 692 858 704 846 713 829 713 812 713 796 708 779 692 767L438 487 692 225C700 217 708 204 708 187 708 171 704 154 692 142 675 129 663 125 646 125Z\"><\/path><\/svg>\t\t\t\t\t<\/div>\n\t\t\t\t\t<div class=\"elementor-swiper-button elementor-swiper-button-next\" role=\"button\" tabindex=\"0\">\n\t\t\t\t\t\t<svg aria-hidden=\"true\" class=\"e-font-icon-svg e-eicon-chevron-right\" viewbox=\"0 0 1000 1000\" xmlns=\"http:\/\/www.w3.org\/2000\/svg\"><path d=\"M696 533C708 521 713 504 713 487 713 471 708 454 696 446L400 146C388 133 375 125 354 125 338 125 325 129 313 142 300 154 292 171 292 187 292 204 296 221 308 233L563 492 304 771C292 783 288 800 288 817 288 833 296 850 308 863 321 871 338 875 354 875 371 875 388 867 400 854L696 533Z\"><\/path><\/svg>\t\t\t\t\t<\/div>\n\t\t\t\t\n\t\t\t\t\t\t\t\t\t<div class=\"swiper-pagination\"><\/div>\n\t\t\t\t\t\t\t\t\t<\/div>\n\t\t\t\t\t\t<\/div>\n\t\t\t\t<\/div>\n\t\t\t\t\t<\/div>\n\t\t\t\t<\/div>\n\t\t<div class=\"elementor-element elementor-element-bc85b67 e-flex e-con-boxed e-con e-parent\" data-id=\"bc85b67\" data-element_type=\"container\" data-e-type=\"container\">\n\t\t\t\t\t<div class=\"e-con-inner\">\n\t\t<div class=\"elementor-element elementor-element-7c538ec e-con-full e-flex e-con e-child\" data-id=\"7c538ec\" data-element_type=\"container\" data-e-type=\"container\">\n\t\t\t\t<div class=\"elementor-element elementor-element-625ec6a elementor-widget-tablet__width-initial elementor-widget-mobile__width-inherit elementor-widget__width-initial elementor-widget elementor-widget-heading\" data-id=\"625ec6a\" data-element_type=\"widget\" data-e-type=\"widget\" data-widget_type=\"heading.default\">\n\t\t\t\t<div class=\"elementor-widget-container\">\n\t\t\t\t\t<h2 class=\"elementor-heading-title elementor-size-default\">Go Kart Springs Specifications<\/h2>\t\t\t\t<\/div>\n\t\t\t\t<\/div>\n\t\t\t\t<div class=\"elementor-element elementor-element-893e1f3 elementor-widget elementor-widget-html\" data-id=\"893e1f3\" data-element_type=\"widget\" data-e-type=\"widget\" data-widget_type=\"html.default\">\n\t\t\t\t<div class=\"elementor-widget-container\">\n\t\t\t\t\t<p class=\"divider-perfect\">\n\t\t\t\t<\/div>\n\t\t\t\t<\/div>\n\t\t\t\t<\/div>\n\t\t\t\t<div class=\"elementor-element elementor-element-714cece elementor-widget elementor-widget-text-editor\" data-id=\"714cece\" data-element_type=\"widget\" data-e-type=\"widget\" data-widget_type=\"text-editor.default\">\n\t\t\t\t<div class=\"elementor-widget-container\">\n\t\t\t\t\t\t\t\t\t<table><tbody><tr><td><p><b>La description<\/b><\/p><\/td><td><p><b>Mat\u00e9riel\u00a0<\/b><\/p><\/td><td><p><b>Finition de surface<\/b><\/p><\/td><\/tr><tr><td><p><span style=\"font-weight: 400;\">Ressort en acier 45mm<\/span><\/p><\/td><td><p><span style=\"font-weight: 400;\">AISI 1045<\/span><\/p><\/td><td><p><span style=\"font-weight: 400;\">Zingu\u00e9<\/span><\/p><\/td><\/tr><tr><td><p><span style=\"font-weight: 400;\">Ressort en acier 65mm<\/span><\/p><\/td><td><p><span style=\"font-weight: 400;\">AISI 1045<\/span><\/p><\/td><td><p><span style=\"font-weight: 400;\">Zingu\u00e9<\/span><\/p><\/td><\/tr><tr><td><p><span style=\"font-weight: 400;\">Ressort en acier 90mm<\/span><\/p><\/td><td><p><span style=\"font-weight: 400;\">AISI 1045<\/span><\/p><\/td><td><p><span style=\"font-weight: 400;\">Zingu\u00e9<\/span><\/p><\/td><\/tr><tr><td><p><span style=\"font-weight: 400;\">Ressorts \u00e0 d\u00e9gagement rapide<\/span><\/p><\/td><td><p><span style=\"font-weight: 400;\">AISI 1045<\/span><\/p><\/td><td><p><span style=\"font-weight: 400;\">Zingu\u00e9<\/span><\/p><\/td><\/tr><\/tbody><\/table>\t\t\t\t\t\t\t\t<\/div>\n\t\t\t\t<\/div>\n\t\t\t\t\t<\/div>\n\t\t\t\t<\/div>\n\t\t<div class=\"elementor-element elementor-element-02aed51 e-flex e-con-boxed e-con e-parent\" data-id=\"02aed51\" data-element_type=\"container\" data-e-type=\"container\">\n\t\t\t\t\t<div class=\"e-con-inner\">\n\t\t<div class=\"elementor-element elementor-element-826e0cf e-con-full e-flex e-con e-child\" data-id=\"826e0cf\" data-element_type=\"container\" data-e-type=\"container\">\n\t\t\t\t<div class=\"elementor-element elementor-element-eea1cb1 elementor-widget-tablet__width-initial elementor-widget-mobile__width-inherit elementor-widget elementor-widget-heading\" data-id=\"eea1cb1\" data-element_type=\"widget\" data-e-type=\"widget\" data-widget_type=\"heading.default\">\n\t\t\t\t<div class=\"elementor-widget-container\">\n\t\t\t\t\t<h2 class=\"elementor-heading-title elementor-size-default\">Demandez un devis instantan\u00e9 !<\/h2>\t\t\t\t<\/div>\n\t\t\t\t<\/div>\n\t\t\t\t<div class=\"elementor-element elementor-element-d3f8df7 elementor-widget__width-initial elementor-widget-tablet__width-initial elementor-widget-mobile__width-inherit elementor-widget elementor-widget-text-editor\" data-id=\"d3f8df7\" data-element_type=\"widget\" data-e-type=\"widget\" data-widget_type=\"text-editor.default\">\n\t\t\t\t<div class=\"elementor-widget-container\">\n\t\t\t\t\t\t\t\t\t<p>Obtenez un devis rapide pour votre projet en un seul clic ! Demandez un devis instantan\u00e9 d\u00e8s maintenant\u00a0!<\/p>\t\t\t\t\t\t\t\t<\/div>\n\t\t\t\t<\/div>\n\t\t\t\t<div class=\"elementor-element elementor-element-9b320eb elementor-widget elementor-widget-html\" data-id=\"9b320eb\" data-element_type=\"widget\" data-e-type=\"widget\" data-widget_type=\"html.default\">\n\t\t\t\t<div class=\"elementor-widget-container\">\n\t\t\t\t\t<p class=\"divider-perfect\">\n\t\t\t\t<\/div>\n\t\t\t\t<\/div>\n\t\t\t\t<\/div>\n\t\t<div class=\"elementor-element elementor-element-6ba2e3a e-con-full e-flex e-con e-child\" data-id=\"6ba2e3a\" data-element_type=\"container\" data-e-type=\"container\">\n\t\t<div class=\"elementor-element elementor-element-acea0c3 elementor-hidden-tablet elementor-hidden-mobile e-flex e-con-boxed e-con e-child\" data-id=\"acea0c3\" data-element_type=\"container\" data-e-type=\"container\">\n\t\t\t\t\t<div class=\"e-con-inner\">\n\t\t\t\t<div class=\"elementor-element elementor-element-7a87045 elementor-widget elementor-widget-image\" data-id=\"7a87045\" data-element_type=\"widget\" data-e-type=\"widget\" data-widget_type=\"image.default\">\n\t\t\t\t<div class=\"elementor-widget-container\">\n\t\t\t\t\t\t\t\t\t\t\t\t\t\t\t<img decoding=\"async\" src=\"https:\/\/hdcmfg.com\/wp-content\/uploads\/elementor\/thumbs\/HDC-Kart-Racing-1-qt9mlvv9187874yaah0d19q21bm7e4a4ejqgmoc9h8.webp\" title=\"HDC-Kart-Racing (1)\" alt=\"course de karting hdc (1)\" loading=\"lazy\" \/>\t\t\t\t\t\t\t\t\t\t\t\t\t\t\t<\/div>\n\t\t\t\t<\/div>\n\t\t\t\t\t<\/div>\n\t\t\t\t<\/div>\n\t\t<div class=\"elementor-element elementor-element-f976cd6 e-flex e-con-boxed e-con e-child\" data-id=\"f976cd6\" data-element_type=\"container\" data-e-type=\"container\" data-settings=\"{&quot;background_background&quot;:&quot;classic&quot;}\">\n\t\t\t\t\t<div class=\"e-con-inner\">\n\t\t\t\t<div class=\"elementor-element elementor-element-0c4cc6a elementor-widget elementor-widget-heading\" data-id=\"0c4cc6a\" data-element_type=\"widget\" data-e-type=\"widget\" data-widget_type=\"heading.default\">\n\t\t\t\t<div class=\"elementor-widget-container\">\n\t\t\t\t\t<p class=\"elementor-heading-title elementor-size-default\">Nous contacter<\/p>\t\t\t\t<\/div>\n\t\t\t\t<\/div>\n\t\t\t\t<div class=\"elementor-element elementor-element-fd679db elementor-widget elementor-widget-global elementor-global-51672 elementor-widget-shortcode\" data-id=\"fd679db\" data-element_type=\"widget\" data-e-type=\"widget\" data-widget_type=\"shortcode.default\">\n\t\t\t\t<div class=\"elementor-widget-container\">\n\t\t\t\t\t\t\t<div class=\"elementor-shortcode\"><div id=\"custom_html-11\" class=\"widget_text widget-container widget_custom_html\"><div class=\"textwidget custom-html-widget\"><form\r\n  name=\"quickQuoteForm\"\r\n  enctype=\"multipart\/form-data\"\r\n  method=\"post\"\r\n  action=\"https:\/\/hdcmfg.wufoo.com\/forms\/qadjrg50uhtzoe\/#public\"\r\n  id=\"quick-quote-form\"\r\n>\r\n  <div class=\"form-row\">\r\n    <input name=\"Field1\" type=\"text\" placeholder=\"Nom*\" required \/>\r\n  <\/div>\r\n\r\n  <div class=\"form-row\">\r\n    <input name=\"Field2\" type=\"email\" placeholder=\"E-mail*\" required \/>\r\n  <\/div>\r\n\r\n  <div class=\"form-row\">\r\n    <input name=\"Field3\" type=\"text\" placeholder=\"T\u00e9l\u00e9phoner\" \/>\r\n  <\/div>\r\n\r\n  <div class=\"form-row\">\r\n    <input name=\"Field11\" type=\"text\" placeholder=\"Votre pays\" \/>\r\n  <\/div>\r\n\r\n  <div class=\"form-row\">\r\n    <input name=\"Field4\" type=\"text\" placeholder=\"Entreprise\" \/>\r\n  <\/div>\r\n\r\n  <div class=\"form-row\">\r\n    <textarea name=\"Field5\" placeholder=\"Message*\" required><\/textarea>\r\n  <\/div>\r\n\r\n  <div class=\"form-row\">\r\n    <input name=\"Field6\" type=\"file\" \/>\r\n  <\/div>\r\n\r\n  <div class=\"hidden\" style=\"display:none;\">\r\n    <input name=\"Field7\" type=\"hidden\" value=\"\" class=\"auto-fill-url\" \/>\r\n    <input name=\"Field8\" type=\"hidden\" value=\"\" class=\"auto-fill-location\" \/>\r\n    <input name=\"Field9\" type=\"hidden\" value=\"\" class=\"auto-fill-device\" \/>\r\n    <input name=\"Field13\" type=\"hidden\" value=\"\" class=\"auto-fill-landing\" \/>\r\n    <input name=\"Field14\" type=\"hidden\" value=\"\" class=\"auto-fill-referrer\" \/>\r\n  <\/div>\r\n\r\n  <div class=\"submit-row\">\r\n    <input name=\"saveForm\" type=\"submit\" value=\"Soumettre\" \/>\r\n  <\/div>\r\n\r\n  <div class=\"hidden\" style=\"display:none;\">\r\n    <textarea name=\"comment\" id=\"comment\" rows=\"1\" cols=\"1\"><\/textarea>\r\n    <input\r\n      type=\"hidden\"\r\n      id=\"idstamp\"\r\n      name=\"idstamp\"\r\n      value=\"z8oVOsTvuAYWuO9TaBjoYo8vKUD3F8VLxtLZSjA38z4=\"\r\n    \/>\r\n    <input\r\n      type=\"hidden\"\r\n      id=\"encryptedPassword\"\r\n      name=\"encryptedPassword\"\r\n      value=\"\"\r\n    \/>\r\n  <\/div>\r\n<\/form>\r\n\r\n<\/div><\/div><\/div>\n\t\t\t\t\t\t<\/div>\n\t\t\t\t<\/div>\n\t\t\t\t\t<\/div>\n\t\t\t\t<\/div>\n\t\t\t\t<\/div>\n\t\t\t\t\t<\/div>\n\t\t\t\t<\/div>\n\t\t\t\t<\/div>","protected":false},"excerpt":{"rendered":"<p>Go Kart Springs Our high-quality go-kart springs are made from either AISI 1045 or stainless steel, materials that offer excellent strength and durability.\u00a0 Stainless steel springs are made of stainless steel 304, highly resistant to corrosion Galvanized Steel the springs also boosts their lifespan, ensuring that they provide reliable performance over extended periods of use. [&hellip;]<\/p>\n","protected":false},"author":1,"featured_media":0,"parent":0,"menu_order":0,"comment_status":"closed","ping_status":"closed","template":"","meta":{"_acf_changed":false,"_seopress_robots_primary_cat":"","_seopress_titles_title":"","_seopress_titles_desc":"","_seopress_robots_index":"","site-sidebar-layout":"no-sidebar","site-content-layout":"page-builder","ast-site-content-layout":"default","site-content-style":"default","site-sidebar-style":"default","ast-global-header-display":"","ast-banner-title-visibility":"","ast-main-header-display":"","ast-hfb-above-header-display":"","ast-hfb-below-header-display":"","ast-hfb-mobile-header-display":"","site-post-title":"disabled","ast-breadcrumbs-content":"","ast-featured-img":"disabled","footer-sml-layout":"","ast-disable-related-posts":"","theme-transparent-header-meta":"default","adv-header-id-meta":"","stick-header-meta":"default","header-above-stick-meta":"","header-main-stick-meta":"","header-below-stick-meta":"","astra-migrate-meta-layouts":"default","ast-page-background-enabled":"default","ast-page-background-meta":{"desktop":{"background-color":"","background-image":"","background-repeat":"repeat","background-position":"center center","background-size":"auto","background-attachment":"scroll","background-type":"","background-media":"","overlay-type":"","overlay-color":"","overlay-opacity":"","overlay-gradient":""},"tablet":{"background-color":"","background-image":"","background-repeat":"repeat","background-position":"center center","background-size":"auto","background-attachment":"scroll","background-type":"","background-media":"","overlay-type":"","overlay-color":"","overlay-opacity":"","overlay-gradient":""},"mobile":{"background-color":"","background-image":"","background-repeat":"repeat","background-position":"center center","background-size":"auto","background-attachment":"scroll","background-type":"","background-media":"","overlay-type":"","overlay-color":"","overlay-opacity":"","overlay-gradient":""}},"ast-content-background-meta":{"desktop":{"background-color":"var(--ast-global-color-5)","background-image":"","background-repeat":"repeat","background-position":"center center","background-size":"auto","background-attachment":"scroll","background-type":"","background-media":"","overlay-type":"","overlay-color":"","overlay-opacity":"","overlay-gradient":""},"tablet":{"background-color":"var(--ast-global-color-5)","background-image":"","background-repeat":"repeat","background-position":"center center","background-size":"auto","background-attachment":"scroll","background-type":"","background-media":"","overlay-type":"","overlay-color":"","overlay-opacity":"","overlay-gradient":""},"mobile":{"background-color":"var(--ast-global-color-5)","background-image":"","background-repeat":"repeat","background-position":"center center","background-size":"auto","background-attachment":"scroll","background-type":"","background-media":"","overlay-type":"","overlay-color":"","overlay-opacity":"","overlay-gradient":""}},"footnotes":""},"tags":[],"class_list":["post-8434","page","type-page","status-publish","hentry"],"acf":[],"_links":{"self":[{"href":"https:\/\/hdcmfg.com\/fr\/wp-json\/wp\/v2\/pages\/8434","targetHints":{"allow":["GET"]}}],"collection":[{"href":"https:\/\/hdcmfg.com\/fr\/wp-json\/wp\/v2\/pages"}],"about":[{"href":"https:\/\/hdcmfg.com\/fr\/wp-json\/wp\/v2\/types\/page"}],"author":[{"embeddable":true,"href":"https:\/\/hdcmfg.com\/fr\/wp-json\/wp\/v2\/users\/1"}],"replies":[{"embeddable":true,"href":"https:\/\/hdcmfg.com\/fr\/wp-json\/wp\/v2\/comments?post=8434"}],"version-history":[{"count":3,"href":"https:\/\/hdcmfg.com\/fr\/wp-json\/wp\/v2\/pages\/8434\/revisions"}],"predecessor-version":[{"id":108304,"href":"https:\/\/hdcmfg.com\/fr\/wp-json\/wp\/v2\/pages\/8434\/revisions\/108304"}],"wp:attachment":[{"href":"https:\/\/hdcmfg.com\/fr\/wp-json\/wp\/v2\/media?parent=8434"}],"wp:term":[{"taxonomy":"post_tag","embeddable":true,"href":"https:\/\/hdcmfg.com\/fr\/wp-json\/wp\/v2\/tags?post=8434"}],"curies":[{"name":"wp","href":"https:\/\/api.w.org\/{rel}","templated":true}]}}