{"id":8049,"date":"2022-10-31T15:11:25","date_gmt":"2022-10-31T15:11:25","guid":{"rendered":"https:\/\/hdcmfg.com\/?page_id=8049"},"modified":"2022-11-01T01:18:40","modified_gmt":"2022-11-01T01:18:40","slug":"politica-della-qualita","status":"publish","type":"page","link":"https:\/\/hdcmfg.com\/it\/quality-policy\/","title":{"rendered":"Politica della qualit\u00e0"},"content":{"rendered":"<div data-elementor-type=\"wp-page\" data-elementor-id=\"8049\" class=\"elementor elementor-8049\" data-elementor-post-type=\"page\">\n\t\t\t\t\t\t<section class=\"elementor-section elementor-top-section elementor-element elementor-element-4bfe0d2 elementor-section-boxed elementor-section-height-default elementor-section-height-default\" data-id=\"4bfe0d2\" data-element_type=\"section\" data-e-type=\"section\">\n\t\t\t\t\t\t<div class=\"elementor-container elementor-column-gap-default\">\n\t\t\t\t\t<div class=\"elementor-column elementor-col-66 elementor-top-column elementor-element elementor-element-d620539\" data-id=\"d620539\" data-element_type=\"column\" data-e-type=\"column\">\n\t\t\t<div class=\"elementor-widget-wrap elementor-element-populated\">\n\t\t\t\t\t\t<div class=\"elementor-element elementor-element-2f967cc elementor-widget elementor-widget-text-editor\" data-id=\"2f967cc\" data-element_type=\"widget\" data-e-type=\"widget\" data-widget_type=\"text-editor.default\">\n\t\t\t\t<div class=\"elementor-widget-container\">\n\t\t\t\t\t\t\t\t\t<h2><strong>La nostra politica della qualit\u00e0<\/strong><\/h2><p><img decoding=\"async\" class=\"alignnone size-full wp-image-8037\" src=\"https:\/\/hdcmfg.com\/wp-content\/uploads\/2022\/10\/IMPORT_0000005.jpg\" alt=\"importare 0000005\" width=\"700\" height=\"467\" srcset=\"https:\/\/hdcmfg.com\/wp-content\/uploads\/2022\/10\/IMPORT_0000005.jpg 700w, https:\/\/hdcmfg.com\/wp-content\/uploads\/2022\/10\/IMPORT_0000005-18x12.jpg 18w\" sizes=\"(max-width: 700px) 100vw, 700px\" \/><\/p><p>La politica della qualit\u00e0 di HDC mira a fornire i migliori servizi ai nostri clienti in tutto il mondo alle tariffe pi\u00f9 competitive del settore. \u00c8 la nostra massima priorit\u00e0 seguire il quadro normativo applicabile e i requisiti legali e implementare le pi\u00f9 recenti pratiche di garanzia della qualit\u00e0 per risultati di alta qualit\u00e0. Il nostro obiettivo finale \u00e8 superare le aspettative dei nostri clienti e fornire loro un servizio di alta qualit\u00e0. La politica per la qualit\u00e0 di HDC non \u00e8 un documento statico, ma esaminiamo, analizziamo e miglioriamo le nostre procedure sulla base delle ultime ricerche globali e delle migliori pratiche del mondo sviluppato. HDC ha fissato obiettivi, misuriamo le nostre prestazioni e vediamo dove dobbiamo migliorare le nostre prestazioni. Questo approccio coerente all&#039;eccellenza ha portato alla nostra acquisizione della ISO 9001:2015.<\/p><h2><strong>Visione<\/strong><\/h2><p>La nostra visione \u00e8 quella di fornire soddisfazione ai nostri clienti fornendo loro i migliori servizi e prodotti che siano competitivi in termini di costi e consegnati in tempo. I clienti di HDC sono la sua priorit\u00e0 e tutto il resto va a posto quando mettiamo i nostri clienti al primo posto.<\/p><h2><strong>I valori<\/strong><\/h2><ol><li><b><\/b><strong><b>Approccio incentrato sul cliente<\/b><\/strong>: In HDC, le nostre politiche, procedure e tutte le azioni sono guidate dalle priorit\u00e0 dei nostri clienti. Anche dopo la consegna delle parti, siamo disponibili per l&#039;assistenza clienti 24 ore su 24, 7 giorni su 7.<\/li><li><b><\/b><strong><b>Lavoro di squadra<\/b><\/strong>: HDC \u00e8 come una famiglia. Tutte le nostre unit\u00e0 lavorano insieme per raggiungere l&#039;eccellenza che fornisce ai nostri clienti i migliori prodotti e si basa sul nostro forte rapporto con i clienti.<\/li><\/ol><ul><li><b><\/b><strong><b>Sana concorrenza<\/b><\/strong>: Forniamo opportunit\u00e0 a tutti i nostri dipendenti per ottenere buoni risultati e competere per risultati migliori. In definitiva, i prodotti finali sono altamente raffinati e all&#039;avanguardia. Una sana concorrenza mantiene i nostri dipendenti impegnati in modo produttivo.<\/li><\/ul><ol><li><b><\/b><strong><b>Alta qualit\u00e0<\/b><\/strong>: Le nostre macchine sono all&#039;avanguardia ei nostri dipendenti sono altamente qualificati. La combinazione di abilit\u00e0, esperienza e alta qualit\u00e0 garantisce che il prodotto finale abbia la massima qualit\u00e0.<\/li><li><b><\/b><strong><b>Onest\u00e0<\/b><\/strong>: Incoraggiamo i nostri dipendenti a lavorare con onest\u00e0 e ottenere i migliori risultati per l&#039;organizzazione.<\/li><li><b><\/b><strong><b>Consegna in tempo<\/b><\/strong>: Comprendiamo che la consegna puntuale \u00e8 estremamente importante per un sano rapporto con il cliente. Quindi, teniamo i nostri clienti aggiornati con gli ultimi progressi sui loro progetti.<\/li><\/ol><ul><li><b><\/b><strong><b>Trasparenza<\/b><\/strong>: Siamo aperti a tutti i nostri clienti e anche ai visitatori. Se qualche cliente vuole venire allo stabilimento di produzione per controllare il suo progetto possiamo accontentare il cliente.<\/li><li><b><\/b><strong><b>Privacy del cliente<\/b><\/strong>: Crediamo fermamente che la propriet\u00e0 intellettuale del nostro cliente debba essere protetta dalla pirateria. Pertanto, abbiamo messo in atto misure che ci consentono di mantenere i progetti dei nostri clienti completamente privati e accessibili solo ai nostri clienti.<\/li><\/ul><p><img decoding=\"async\" class=\"alignnone size-full wp-image-8040\" src=\"https:\/\/hdcmfg.com\/wp-content\/uploads\/2022\/10\/IMPORT_0000008.jpg\" alt=\"importare 0000008\" width=\"700\" height=\"467\" srcset=\"https:\/\/hdcmfg.com\/wp-content\/uploads\/2022\/10\/IMPORT_0000008.jpg 700w, https:\/\/hdcmfg.com\/wp-content\/uploads\/2022\/10\/IMPORT_0000008-18x12.jpg 18w\" sizes=\"(max-width: 700px) 100vw, 700px\" \/><\/p><h2><strong>Processi di garanzia della qualit\u00e0<\/strong><\/h2><p>Abbiamo adottato le migliori pratiche globali per implementare e migliorare i nostri processi di assicurazione della qualit\u00e0. Manteniamo un database completo di documentazione a cui \u00e8 possibile accedere da un repository centrale. Inoltre, disponiamo di un efficace meccanismo di tracciabilit\u00e0 del prodotto con l&#039;aiuto di scanner di codici QR\/Zebra possiamo caricare informazioni su pi\u00f9 parti sul nostro software. HDC \u00e8 nella fase di miglioramento continuo della qualit\u00e0 dei prodotti e dei processi utilizzati per la produzione dei beni. Il processo di verifica e convalida \u00e8 completo e fornisce ulteriore trasparenza alla nostra agile gestione dei progetti. Poich\u00e9 crediamo nella stretta collaborazione con i clienti, disponiamo di moduli standard sviluppati specificamente per l&#039;ispezione dei prodotti dei clienti. Condividiamo questi rapporti con i nostri clienti insieme ai prodotti finali. Inoltre, se richiesto, forniamo anche la certificazione del materiale o qualsiasi altro certificato richiesto dalle autorit\u00e0 locali dei nostri clienti.<\/p><h2><strong>La nostra squadra<\/strong><\/h2><p>HDC dispone di un team altamente qualificato e molto diversificato. I nostri criteri di selezione sono molto severi; quindi, solo i migliori arrivano all&#039;HDC. Oltre all&#039;abilit\u00e0 sulle macchine CNC, abbiamo anche specialisti della catena di fornitura che assicurano che le parti che i nostri clienti ottengono siano puntuali e nella forma migliore. Riteniamo che i nostri team debbano sottoporsi a una formazione costante per tenersi aggiornati con le ultime tecnologie e metodi in tutto il mondo. Tutti i team, sotto la guida dinamica del management dell&#039;azienda, sono pronti ad affrontare nuove sfide e contribuire al settore. Il lavoro di squadra che incoraggiamo ci consente di fornire servizi e prodotti della massima qualit\u00e0.<\/p><h2><strong>Cosa promettiamo?<\/strong><\/h2><p>Ci sono alcune cose che garantiamo ai nostri clienti. E crediamo che sia cos\u00ec che la nostra politica della qualit\u00e0 potr\u00e0 avere un impatto sull&#039;industria. Il nostro approccio amministrativo propone una politica su misura per ciascuno dei nostri clienti, basata sulla natura del loro progetto e adatta alle loro esigenze. Inoltre, ci assicuriamo che ci faremo carico dei costi per il rifacimento per te in caso di problemi causati da noi, quindi non preoccuparti, la qualit\u00e0 e i servizi sono garantiti.<\/p>\t\t\t\t\t\t\t\t<\/div>\n\t\t\t\t<\/div>\n\t\t\t\t\t<\/div>\n\t\t<\/div>\n\t\t\t\t<div class=\"elementor-column elementor-col-33 elementor-top-column elementor-element elementor-element-f8e9f4e\" data-id=\"f8e9f4e\" data-element_type=\"column\" data-e-type=\"column\">\n\t\t\t<div class=\"elementor-widget-wrap elementor-element-populated\">\n\t\t\t\t\t\t<div class=\"elementor-element elementor-element-43415c6 elementor-widget elementor-widget-image\" data-id=\"43415c6\" data-element_type=\"widget\" data-e-type=\"widget\" data-widget_type=\"image.default\">\n\t\t\t\t<div class=\"elementor-widget-container\">\n\t\t\t\t\t\t\t\t\t\t\t\t\t\t\t<img decoding=\"async\" width=\"1405\" height=\"2000\" src=\"https:\/\/hdcmfg.com\/wp-content\/uploads\/2022\/10\/ISO.jpg\" class=\"attachment-large size-large wp-image-8045\" alt=\"iso\" srcset=\"https:\/\/hdcmfg.com\/wp-content\/uploads\/2022\/10\/ISO.jpg 1405w, https:\/\/hdcmfg.com\/wp-content\/uploads\/2022\/10\/ISO-768x1093.jpg 768w, https:\/\/hdcmfg.com\/wp-content\/uploads\/2022\/10\/ISO-1079x1536.jpg 1079w, https:\/\/hdcmfg.com\/wp-content\/uploads\/2022\/10\/ISO-8x12.jpg 8w\" sizes=\"(max-width: 1405px) 100vw, 1405px\" \/>\t\t\t\t\t\t\t\t\t\t\t\t\t\t\t<\/div>\n\t\t\t\t<\/div>\n\t\t\t\t<div class=\"elementor-element elementor-element-55246dd elementor-grid-1 elementor-grid-tablet-2 elementor-grid-mobile-1 elementor-posts--thumbnail-top elementor-widget elementor-widget-posts\" data-id=\"55246dd\" data-element_type=\"widget\" data-e-type=\"widget\" data-settings=\"{&quot;classic_columns&quot;:&quot;1&quot;,&quot;classic_columns_tablet&quot;:&quot;2&quot;,&quot;classic_columns_mobile&quot;:&quot;1&quot;,&quot;classic_row_gap&quot;:{&quot;unit&quot;:&quot;px&quot;,&quot;size&quot;:35,&quot;sizes&quot;:[]},&quot;classic_row_gap_tablet&quot;:{&quot;unit&quot;:&quot;px&quot;,&quot;size&quot;:&quot;&quot;,&quot;sizes&quot;:[]},&quot;classic_row_gap_mobile&quot;:{&quot;unit&quot;:&quot;px&quot;,&quot;size&quot;:&quot;&quot;,&quot;sizes&quot;:[]}}\" data-widget_type=\"posts.classic\">\n\t\t\t\t<div class=\"elementor-widget-container\">\n\t\t\t\t\t\t\t<div class=\"elementor-posts-container elementor-posts elementor-posts--skin-classic elementor-grid\" role=\"list\">\n\t\t\t\t<article class=\"elementor-post elementor-grid-item post-126055 post type-post status-publish format-standard has-post-thumbnail hentry category-blog tag-acf-temp\" role=\"listitem\">\n\t\t\t\t<a class=\"elementor-post__thumbnail__link\" href=\"https:\/\/hdcmfg.com\/it\/resources\/blog\/casting-wax\/\" tabindex=\"-1\" >\n\t\t\t<div class=\"elementor-post__thumbnail\"><img decoding=\"async\" width=\"1200\" height=\"628\" src=\"https:\/\/hdcmfg.com\/wp-content\/uploads\/2026\/04\/Turbine-Housing-Wax-Pattern-With-Ceramic-Cores.webp\" class=\"attachment-medium size-medium wp-image-126082\" alt=\"turbine housing wax pattern with ceramic cores\" srcset=\"https:\/\/hdcmfg.com\/wp-content\/uploads\/2026\/04\/Turbine-Housing-Wax-Pattern-With-Ceramic-Cores.webp 1200w, https:\/\/hdcmfg.com\/wp-content\/uploads\/2026\/04\/Turbine-Housing-Wax-Pattern-With-Ceramic-Cores-768x402.webp 768w, https:\/\/hdcmfg.com\/wp-content\/uploads\/2026\/04\/Turbine-Housing-Wax-Pattern-With-Ceramic-Cores-18x9.webp 18w\" sizes=\"(max-width: 1200px) 100vw, 1200px\" \/><\/div>\n\t\t<\/a>\n\t\t\t\t<div class=\"elementor-post__text\">\n\t\t\t\t<h3 class=\"elementor-post__title\">\n\t\t\t<a href=\"https:\/\/hdcmfg.com\/it\/resources\/blog\/casting-wax\/\" >\n\t\t\t\tCasting Wax\t\t\t<\/a>\n\t\t<\/h3>\n\t\t\t\t<div class=\"elementor-post__meta-data\">\n\t\t\t\t\t<span class=\"elementor-post-date\">\n\t\t\tAprile 29, 2026\t\t<\/span>\n\t\t\t\t<\/div>\n\t\t\t\t<div class=\"elementor-post__excerpt\">\n\t\t\t<p>In the world of high-precision manufacturing\u2014from complex UAV components to intricate medical implants\u2014success begins long before the first drop of molten metal is poured. It starts with the wax. In the Investment Casting (or Lost-Wax) process, the wax pattern serves as the &#8220;soul&#8221; of the final metal part. Every detail, texture, and dimension of the<\/p>\n\t\t<\/div>\n\t\t\n\t\t<a class=\"elementor-post__read-more\" href=\"https:\/\/hdcmfg.com\/it\/resources\/blog\/casting-wax\/\" aria-label=\"Leggi tutto Casting Wax\" tabindex=\"-1\" >\n\t\t\tLeggi di pi\u00f9 &quot;\t\t<\/a>\n\n\t\t\t\t<\/div>\n\t\t\t\t<\/article>\n\t\t\t\t<article class=\"elementor-post elementor-grid-item post-125519 post type-post status-publish format-standard has-post-thumbnail hentry category-blog tag-acf-temp\" role=\"listitem\">\n\t\t\t\t<a class=\"elementor-post__thumbnail__link\" href=\"https:\/\/hdcmfg.com\/it\/resources\/blog\/what-is-casting\/\" tabindex=\"-1\" >\n\t\t\t<div class=\"elementor-post__thumbnail\"><img decoding=\"async\" width=\"800\" height=\"400\" src=\"https:\/\/hdcmfg.com\/wp-content\/uploads\/2026\/04\/Use-Casting-for-Custom-Hinge.webp\" class=\"attachment-medium size-medium wp-image-119599\" alt=\"utilizzare la fusione per cerniere personalizzate\" srcset=\"https:\/\/hdcmfg.com\/wp-content\/uploads\/2026\/04\/Use-Casting-for-Custom-Hinge.webp 800w, https:\/\/hdcmfg.com\/wp-content\/uploads\/2026\/04\/Use-Casting-for-Custom-Hinge-768x384.webp 768w, https:\/\/hdcmfg.com\/wp-content\/uploads\/2026\/04\/Use-Casting-for-Custom-Hinge-18x9.webp 18w\" sizes=\"(max-width: 800px) 100vw, 800px\" \/><\/div>\n\t\t<\/a>\n\t\t\t\t<div class=\"elementor-post__text\">\n\t\t\t\t<h3 class=\"elementor-post__title\">\n\t\t\t<a href=\"https:\/\/hdcmfg.com\/it\/resources\/blog\/what-is-casting\/\" >\n\t\t\t\tChe cosa \u00e8 il Casting\t\t\t<\/a>\n\t\t<\/h3>\n\t\t\t\t<div class=\"elementor-post__meta-data\">\n\t\t\t\t\t<span class=\"elementor-post-date\">\n\t\t\tAprile 27, 2026\t\t<\/span>\n\t\t\t\t<\/div>\n\t\t\t\t<div class=\"elementor-post__excerpt\">\n\t\t\t<p>Look around you; you see that casting is used in the manufacture of many of your daily products, car engines, metal pipes and machine parts, to name just a few. In contemporary manufacturing casting is important due to its ability to easily produce powerful and complex shapes. But what is casting? It is a process<\/p>\n\t\t<\/div>\n\t\t\n\t\t<a class=\"elementor-post__read-more\" href=\"https:\/\/hdcmfg.com\/it\/resources\/blog\/what-is-casting\/\" aria-label=\"Leggi tutto What is Casting\" tabindex=\"-1\" >\n\t\t\tLeggi di pi\u00f9 &quot;\t\t<\/a>\n\n\t\t\t\t<\/div>\n\t\t\t\t<\/article>\n\t\t\t\t<article class=\"elementor-post elementor-grid-item post-125399 post type-post status-publish format-standard has-post-thumbnail hentry category-blog tag-acf-temp\" role=\"listitem\">\n\t\t\t\t<a class=\"elementor-post__thumbnail__link\" href=\"https:\/\/hdcmfg.com\/it\/resources\/blog\/silica-sol\/\" tabindex=\"-1\" >\n\t\t\t<div class=\"elementor-post__thumbnail\"><img decoding=\"async\" width=\"1280\" height=\"720\" src=\"https:\/\/hdcmfg.com\/wp-content\/uploads\/2026\/04\/Silica-Sol.webp\" class=\"attachment-medium size-medium wp-image-125409\" alt=\"sol di silice\" srcset=\"https:\/\/hdcmfg.com\/wp-content\/uploads\/2026\/04\/Silica-Sol.webp 1280w, https:\/\/hdcmfg.com\/wp-content\/uploads\/2026\/04\/Silica-Sol-768x432.webp 768w, https:\/\/hdcmfg.com\/wp-content\/uploads\/2026\/04\/Silica-Sol-18x10.webp 18w\" sizes=\"(max-width: 1280px) 100vw, 1280px\" \/><\/div>\n\t\t<\/a>\n\t\t\t\t<div class=\"elementor-post__text\">\n\t\t\t\t<h3 class=\"elementor-post__title\">\n\t\t\t<a href=\"https:\/\/hdcmfg.com\/it\/resources\/blog\/silica-sol\/\" >\n\t\t\t\tSoluzione di silice\t\t\t<\/a>\n\t\t<\/h3>\n\t\t\t\t<div class=\"elementor-post__meta-data\">\n\t\t\t\t\t<span class=\"elementor-post-date\">\n\t\t\tAprile 27, 2026\t\t<\/span>\n\t\t\t\t<\/div>\n\t\t\t\t<div class=\"elementor-post__excerpt\">\n\t\t\t<p>For many buyers, the term silica sol casting\u00a0sounds like a separate casting technology. In most industrial use, it is not. It usually refers to investment casting that uses a colloidal silica binder system\u00a0in the ceramic shell. That distinction matters because the binder system affects surface finish, shell strength, shell drying behavior, dimensional consistency, and ultimately<\/p>\n\t\t<\/div>\n\t\t\n\t\t<a class=\"elementor-post__read-more\" href=\"https:\/\/hdcmfg.com\/it\/resources\/blog\/silica-sol\/\" aria-label=\"Leggi tutto Silica Sol\" tabindex=\"-1\" >\n\t\t\tLeggi di pi\u00f9 &quot;\t\t<\/a>\n\n\t\t\t\t<\/div>\n\t\t\t\t<\/article>\n\t\t\t\t<article class=\"elementor-post elementor-grid-item post-123283 post type-post status-publish format-standard has-post-thumbnail hentry category-blog tag-acf-temp\" role=\"listitem\">\n\t\t\t\t<a class=\"elementor-post__thumbnail__link\" href=\"https:\/\/hdcmfg.com\/it\/resources\/blog\/continuous-casting\/\" tabindex=\"-1\" >\n\t\t\t<div class=\"elementor-post__thumbnail\"><img decoding=\"async\" width=\"545\" height=\"340\" src=\"https:\/\/hdcmfg.com\/wp-content\/uploads\/2026\/04\/Continues-Casting.webp\" class=\"attachment-medium size-medium wp-image-124081\" alt=\"continua il casting\" srcset=\"https:\/\/hdcmfg.com\/wp-content\/uploads\/2026\/04\/Continues-Casting.webp 545w, https:\/\/hdcmfg.com\/wp-content\/uploads\/2026\/04\/Continues-Casting-18x12.webp 18w\" sizes=\"(max-width: 545px) 100vw, 545px\" \/><\/div>\n\t\t<\/a>\n\t\t\t\t<div class=\"elementor-post__text\">\n\t\t\t\t<h3 class=\"elementor-post__title\">\n\t\t\t<a href=\"https:\/\/hdcmfg.com\/it\/resources\/blog\/continuous-casting\/\" >\n\t\t\t\tColata continua\t\t\t<\/a>\n\t\t<\/h3>\n\t\t\t\t<div class=\"elementor-post__meta-data\">\n\t\t\t\t\t<span class=\"elementor-post-date\">\n\t\t\tAprile 24, 2026\t\t<\/span>\n\t\t\t\t<\/div>\n\t\t\t\t<div class=\"elementor-post__excerpt\">\n\t\t\t<p>When you see a modern building, car or machine, you would not consider the process of making the metal inside the building, car or machine. Continuous casting is an efficient process that is behind almost every steel structure. This has transformed the way industries make metal. Rather than producing metal in batches, factories produce it<\/p>\n\t\t<\/div>\n\t\t\n\t\t<a class=\"elementor-post__read-more\" href=\"https:\/\/hdcmfg.com\/it\/resources\/blog\/continuous-casting\/\" aria-label=\"Leggi tutto Continuous Casting\" tabindex=\"-1\" >\n\t\t\tLeggi di pi\u00f9 &quot;\t\t<\/a>\n\n\t\t\t\t<\/div>\n\t\t\t\t<\/article>\n\t\t\t\t<article class=\"elementor-post elementor-grid-item post-122234 post type-post status-publish format-standard has-post-thumbnail hentry category-blog tag-acf-temp\" role=\"listitem\">\n\t\t\t\t<a class=\"elementor-post__thumbnail__link\" href=\"https:\/\/hdcmfg.com\/it\/resources\/blog\/casting-tolerances\/\" tabindex=\"-1\" >\n\t\t\t<div class=\"elementor-post__thumbnail\"><img decoding=\"async\" width=\"951\" height=\"786\" src=\"https:\/\/hdcmfg.com\/wp-content\/uploads\/2026\/04\/ISO-8062-Casting-Tolorance.webp\" class=\"attachment-medium size-medium wp-image-122334\" alt=\"tolleranza di fusione ISO 8062\" srcset=\"https:\/\/hdcmfg.com\/wp-content\/uploads\/2026\/04\/ISO-8062-Casting-Tolorance.webp 951w, https:\/\/hdcmfg.com\/wp-content\/uploads\/2026\/04\/ISO-8062-Casting-Tolorance-768x635.webp 768w, https:\/\/hdcmfg.com\/wp-content\/uploads\/2026\/04\/ISO-8062-Casting-Tolorance-15x12.webp 15w\" sizes=\"(max-width: 951px) 100vw, 951px\" \/><\/div>\n\t\t<\/a>\n\t\t\t\t<div class=\"elementor-post__text\">\n\t\t\t\t<h3 class=\"elementor-post__title\">\n\t\t\t<a href=\"https:\/\/hdcmfg.com\/it\/resources\/blog\/casting-tolerances\/\" >\n\t\t\t\tTolleranze di fusione\t\t\t<\/a>\n\t\t<\/h3>\n\t\t\t\t<div class=\"elementor-post__meta-data\">\n\t\t\t\t\t<span class=\"elementor-post-date\">\n\t\t\tAprile 21, 2026\t\t<\/span>\n\t\t\t\t<\/div>\n\t\t\t\t<div class=\"elementor-post__excerpt\">\n\t\t\t<p>The Core Misconception: Bad Assumptions vs. Bad Foundries Most tolerance problems in castings do not come from bad foundries. They come from bad assumptions. Buyers often ask for a tolerance without separating three different things: What the process can hold as-cast. What becomes realistic only after dimensional tuning and process maturity. What should simply be<\/p>\n\t\t<\/div>\n\t\t\n\t\t<a class=\"elementor-post__read-more\" href=\"https:\/\/hdcmfg.com\/it\/resources\/blog\/casting-tolerances\/\" aria-label=\"Leggi tutto Casting Tolerances\" tabindex=\"-1\" >\n\t\t\tLeggi di pi\u00f9 &quot;\t\t<\/a>\n\n\t\t\t\t<\/div>\n\t\t\t\t<\/article>\n\t\t\t\t<article class=\"elementor-post elementor-grid-item post-121755 post type-post status-publish format-standard has-post-thumbnail hentry category-blog tag-acf-temp\" role=\"listitem\">\n\t\t\t\t<a class=\"elementor-post__thumbnail__link\" href=\"https:\/\/hdcmfg.com\/it\/resources\/blog\/vacuum-casting\/\" tabindex=\"-1\" >\n\t\t\t<div class=\"elementor-post__thumbnail\"><img decoding=\"async\" width=\"911\" height=\"531\" src=\"https:\/\/hdcmfg.com\/wp-content\/uploads\/2026\/04\/Vacuum-Casting-4.webp\" class=\"attachment-medium size-medium wp-image-121798\" alt=\"fusione sottovuoto 4\" srcset=\"https:\/\/hdcmfg.com\/wp-content\/uploads\/2026\/04\/Vacuum-Casting-4.webp 911w, https:\/\/hdcmfg.com\/wp-content\/uploads\/2026\/04\/Vacuum-Casting-4-768x448.webp 768w, https:\/\/hdcmfg.com\/wp-content\/uploads\/2026\/04\/Vacuum-Casting-4-18x10.webp 18w\" sizes=\"(max-width: 911px) 100vw, 911px\" \/><\/div>\n\t\t<\/a>\n\t\t\t\t<div class=\"elementor-post__text\">\n\t\t\t\t<h3 class=\"elementor-post__title\">\n\t\t\t<a href=\"https:\/\/hdcmfg.com\/it\/resources\/blog\/vacuum-casting\/\" >\n\t\t\t\tColata sottovuoto\t\t\t<\/a>\n\t\t<\/h3>\n\t\t\t\t<div class=\"elementor-post__meta-data\">\n\t\t\t\t\t<span class=\"elementor-post-date\">\n\t\t\tAprile 20, 2026\t\t<\/span>\n\t\t\t\t<\/div>\n\t\t\t\t<div class=\"elementor-post__excerpt\">\n\t\t\t<p>When researching modern manufacturing processes, the vacuum casting process is most likely to be found. It is among the most sure methods of producing quality prototypes and small scale parts without incurring excessive expenses. In simple words, vacuum casting is used to make detailed plastic or rubber parts under the influence of vacuum pressure using<\/p>\n\t\t<\/div>\n\t\t\n\t\t<a class=\"elementor-post__read-more\" href=\"https:\/\/hdcmfg.com\/it\/resources\/blog\/vacuum-casting\/\" aria-label=\"Leggi tutto Vacuum Casting\" tabindex=\"-1\" >\n\t\t\tLeggi di pi\u00f9 &quot;\t\t<\/a>\n\n\t\t\t\t<\/div>\n\t\t\t\t<\/article>\n\t\t\t\t<\/div>\n\t\t\n\t\t\t\t\t\t<\/div>\n\t\t\t\t<\/div>\n\t\t\t\t\t<\/div>\n\t\t<\/div>\n\t\t\t\t\t<\/div>\n\t\t<\/section>\n\t\t\t\t<\/div>","protected":false},"excerpt":{"rendered":"<p>Our Quality Policy HDC\u2019s quality policy aims to deliver the best services to our clients around the globe at the most competitive rates in the industry. It is our top priority to follow the applicable regulatory framework, and legal requirements and implement the latest quality assurance practices for high-quality results. Our ultimate aim is to [&hellip;]<\/p>\n","protected":false},"author":1,"featured_media":0,"parent":0,"menu_order":0,"comment_status":"closed","ping_status":"closed","template":"","meta":{"_acf_changed":false,"_seopress_robots_primary_cat":"","_seopress_titles_title":"","_seopress_titles_desc":"","_seopress_robots_index":"","site-sidebar-layout":"no-sidebar","site-content-layout":"page-builder","ast-site-content-layout":"default","site-content-style":"default","site-sidebar-style":"default","ast-global-header-display":"","ast-banner-title-visibility":"","ast-main-header-display":"","ast-hfb-above-header-display":"","ast-hfb-below-header-display":"","ast-hfb-mobile-header-display":"","site-post-title":"disabled","ast-breadcrumbs-content":"","ast-featured-img":"disabled","footer-sml-layout":"","ast-disable-related-posts":"","theme-transparent-header-meta":"default","adv-header-id-meta":"","stick-header-meta":"default","header-above-stick-meta":"","header-main-stick-meta":"","header-below-stick-meta":"","astra-migrate-meta-layouts":"default","ast-page-background-enabled":"default","ast-page-background-meta":{"desktop":{"background-color":"","background-image":"","background-repeat":"repeat","background-position":"center center","background-size":"auto","background-attachment":"scroll","background-type":"","background-media":"","overlay-type":"","overlay-color":"","overlay-opacity":"","overlay-gradient":""},"tablet":{"background-color":"","background-image":"","background-repeat":"repeat","background-position":"center center","background-size":"auto","background-attachment":"scroll","background-type":"","background-media":"","overlay-type":"","overlay-color":"","overlay-opacity":"","overlay-gradient":""},"mobile":{"background-color":"","background-image":"","background-repeat":"repeat","background-position":"center center","background-size":"auto","background-attachment":"scroll","background-type":"","background-media":"","overlay-type":"","overlay-color":"","overlay-opacity":"","overlay-gradient":""}},"ast-content-background-meta":{"desktop":{"background-color":"var(--ast-global-color-5)","background-image":"","background-repeat":"repeat","background-position":"center center","background-size":"auto","background-attachment":"scroll","background-type":"","background-media":"","overlay-type":"","overlay-color":"","overlay-opacity":"","overlay-gradient":""},"tablet":{"background-color":"var(--ast-global-color-5)","background-image":"","background-repeat":"repeat","background-position":"center center","background-size":"auto","background-attachment":"scroll","background-type":"","background-media":"","overlay-type":"","overlay-color":"","overlay-opacity":"","overlay-gradient":""},"mobile":{"background-color":"var(--ast-global-color-5)","background-image":"","background-repeat":"repeat","background-position":"center center","background-size":"auto","background-attachment":"scroll","background-type":"","background-media":"","overlay-type":"","overlay-color":"","overlay-opacity":"","overlay-gradient":""}},"footnotes":""},"tags":[],"class_list":["post-8049","page","type-page","status-publish","hentry"],"acf":[],"_links":{"self":[{"href":"https:\/\/hdcmfg.com\/it\/wp-json\/wp\/v2\/pages\/8049","targetHints":{"allow":["GET"]}}],"collection":[{"href":"https:\/\/hdcmfg.com\/it\/wp-json\/wp\/v2\/pages"}],"about":[{"href":"https:\/\/hdcmfg.com\/it\/wp-json\/wp\/v2\/types\/page"}],"author":[{"embeddable":true,"href":"https:\/\/hdcmfg.com\/it\/wp-json\/wp\/v2\/users\/1"}],"replies":[{"embeddable":true,"href":"https:\/\/hdcmfg.com\/it\/wp-json\/wp\/v2\/comments?post=8049"}],"version-history":[{"count":0,"href":"https:\/\/hdcmfg.com\/it\/wp-json\/wp\/v2\/pages\/8049\/revisions"}],"wp:attachment":[{"href":"https:\/\/hdcmfg.com\/it\/wp-json\/wp\/v2\/media?parent=8049"}],"wp:term":[{"taxonomy":"post_tag","embeddable":true,"href":"https:\/\/hdcmfg.com\/it\/wp-json\/wp\/v2\/tags?post=8049"}],"curies":[{"name":"scrivere","href":"https:\/\/api.w.org\/{rel}","templated":true}]}}